{"id":18,"date":"2022-11-25T08:25:48","date_gmt":"2022-11-25T07:25:48","guid":{"rendered":"https:\/\/bergheim.hornmedia.no\/?page_id=18"},"modified":"2023-04-28T14:42:43","modified_gmt":"2023-04-28T12:42:43","slug":"om-oss","status":"publish","type":"page","link":"https:\/\/islandman.no\/en\/about\/","title":{"rendered":"About Islandman"},"content":{"rendered":"<div data-elementor-type=\"wp-page\" data-elementor-id=\"18\" class=\"elementor elementor-18\" data-elementor-post-type=\"page\">\n\t\t\t\t\t\t<section class=\"elementor-section elementor-top-section elementor-element elementor-element-f853a35 elementor-section-boxed elementor-section-height-default elementor-section-height-default\" data-id=\"f853a35\" data-element_type=\"section\" data-settings=\"{&quot;background_background&quot;:&quot;classic&quot;}\">\n\t\t\t\t\t\t\t<div class=\"elementor-background-overlay\"><\/div>\n\t\t\t\t\t\t\t<div class=\"elementor-container elementor-column-gap-default\">\n\t\t\t\t\t<div class=\"elementor-column elementor-col-100 elementor-top-column elementor-element elementor-element-e8f744d\" data-id=\"e8f744d\" data-element_type=\"column\">\n\t\t\t<div class=\"elementor-widget-wrap elementor-element-populated\">\n\t\t\t\t\t\t<div class=\"elementor-element elementor-element-87e05f2 elementor-invisible elementor-widget elementor-widget-heading\" data-id=\"87e05f2\" data-element_type=\"widget\" data-settings=\"{&quot;_animation&quot;:&quot;fadeInDown&quot;}\" data-widget_type=\"heading.default\">\n\t\t\t\t<div class=\"elementor-widget-container\">\n\t\t\t\t\t<h1 class=\"elementor-heading-title elementor-size-default\">About Islandman<\/h1>\t\t\t\t<\/div>\n\t\t\t\t<\/div>\n\t\t\t\t\t<\/div>\n\t\t<\/div>\n\t\t\t\t\t<\/div>\n\t\t<\/section>\n\t\t\t\t<section class=\"elementor-section elementor-top-section elementor-element elementor-element-257c807 elementor-reverse-tablet elementor-reverse-mobile elementor-section-content-middle elementor-section-boxed elementor-section-height-default elementor-section-height-default\" data-id=\"257c807\" data-element_type=\"section\" data-settings=\"{&quot;background_background&quot;:&quot;classic&quot;}\">\n\t\t\t\t\t\t<div class=\"elementor-container elementor-column-gap-default\">\n\t\t\t\t\t<div class=\"elementor-column elementor-col-50 elementor-top-column elementor-element elementor-element-3dddb29 elementor-invisible\" data-id=\"3dddb29\" data-element_type=\"column\" data-settings=\"{&quot;animation&quot;:&quot;fadeInLeft&quot;}\">\n\t\t\t<div class=\"elementor-widget-wrap elementor-element-populated\">\n\t\t\t\t\t\t<div class=\"elementor-element elementor-element-ef0f45e elementor-widget elementor-widget-image\" data-id=\"ef0f45e\" data-element_type=\"widget\" data-widget_type=\"image.default\">\n\t\t\t\t<div class=\"elementor-widget-container\">\n\t\t\t\t\t\t\t\t\t\t\t\t\t\t\t<img fetchpriority=\"high\" decoding=\"async\" width=\"2048\" height=\"1365\" src=\"https:\/\/islandman.no\/wp-content\/uploads\/2022\/11\/shutterstock_1681962382.jpg\" class=\"attachment-full size-full wp-image-228\" alt=\"\" srcset=\"https:\/\/islandman.no\/wp-content\/uploads\/2022\/11\/shutterstock_1681962382.jpg 2048w, https:\/\/islandman.no\/wp-content\/uploads\/2022\/11\/shutterstock_1681962382-300x200.jpg 300w, https:\/\/islandman.no\/wp-content\/uploads\/2022\/11\/shutterstock_1681962382-1024x683.jpg 1024w, https:\/\/islandman.no\/wp-content\/uploads\/2022\/11\/shutterstock_1681962382-768x512.jpg 768w, https:\/\/islandman.no\/wp-content\/uploads\/2022\/11\/shutterstock_1681962382-1536x1024.jpg 1536w\" sizes=\"(max-width: 2048px) 100vw, 2048px\" \/>\t\t\t\t\t\t\t\t\t\t\t\t\t\t\t<\/div>\n\t\t\t\t<\/div>\n\t\t\t\t\t<\/div>\n\t\t<\/div>\n\t\t\t\t<div class=\"elementor-column elementor-col-50 elementor-top-column elementor-element elementor-element-537ad70 elementor-invisible\" data-id=\"537ad70\" data-element_type=\"column\" data-settings=\"{&quot;animation&quot;:&quot;fadeInRight&quot;}\">\n\t\t\t<div class=\"elementor-widget-wrap elementor-element-populated\">\n\t\t\t\t\t\t<div class=\"elementor-element elementor-element-053eef0 elementor-widget elementor-widget-heading\" data-id=\"053eef0\" data-element_type=\"widget\" data-widget_type=\"heading.default\">\n\t\t\t\t<div class=\"elementor-widget-container\">\n\t\t\t\t\t<h2 class=\"elementor-heading-title elementor-size-default\">Adaptation to the individual's requirements<\/h2>\t\t\t\t<\/div>\n\t\t\t\t<\/div>\n\t\t\t\t<div class=\"elementor-element elementor-element-5a0ca91 elementor-widget elementor-widget-text-editor\" data-id=\"5a0ca91\" data-element_type=\"widget\" data-widget_type=\"text-editor.default\">\n\t\t\t\t<div class=\"elementor-widget-container\">\n\t\t\t\t\t\t\t\t\t<div dir=\"auto\"><p><span style=\"font-weight: 400;\">My name is Espen, and I am first and foremost a Reiki practitioner. But I also play gongs and Tibetan bowls, and I have a 220-hour Yoga Teacher Education.\u00a0<\/span><\/p><p><span style=\"font-weight: 400;\">My formal education is diverted, but among others I have a university degree in Teachers Education.\u00a0<\/span><\/p><p><span style=\"font-weight: 400;\">I have worked with people in different life situations for many years. I also like and find time to work voluntarily for different humanitarian organizations. I like the outdoors, dogs, horses, dancing Salsa, running and working out.\u00a0<\/span><\/p><p><span style=\"font-weight: 400;\">As my daily Karma practice, I have been chosen to tidy and unclutter, collecting trash on my daily dog walks. <\/span><\/p><\/div>\t\t\t\t\t\t\t\t<\/div>\n\t\t\t\t<\/div>\n\t\t\t\t\t<\/div>\n\t\t<\/div>\n\t\t\t\t\t<\/div>\n\t\t<\/section>\n\t\t\t\t<section class=\"elementor-section elementor-top-section elementor-element elementor-element-1a98eec elementor-section-boxed elementor-section-height-default elementor-section-height-default\" data-id=\"1a98eec\" data-element_type=\"section\" data-settings=\"{&quot;background_background&quot;:&quot;classic&quot;}\">\n\t\t\t\t\t\t\t<div class=\"elementor-background-overlay\"><\/div>\n\t\t\t\t\t\t\t<div class=\"elementor-container elementor-column-gap-default\">\n\t\t\t\t\t<div class=\"elementor-column elementor-col-100 elementor-top-column elementor-element elementor-element-603aa04\" data-id=\"603aa04\" data-element_type=\"column\">\n\t\t\t<div class=\"elementor-widget-wrap elementor-element-populated\">\n\t\t\t\t\t\t<div class=\"elementor-element elementor-element-978081d elementor-widget elementor-widget-heading\" data-id=\"978081d\" data-element_type=\"widget\" data-widget_type=\"heading.default\">\n\t\t\t\t<div class=\"elementor-widget-container\">\n\t\t\t\t\t<h2 class=\"elementor-heading-title elementor-size-default\">Activities<\/h2>\t\t\t\t<\/div>\n\t\t\t\t<\/div>\n\t\t\t\t<div class=\"elementor-element elementor-element-54ff314 elementor-widget-divider--view-line elementor-widget elementor-widget-divider\" data-id=\"54ff314\" data-element_type=\"widget\" data-widget_type=\"divider.default\">\n\t\t\t\t<div class=\"elementor-widget-container\">\n\t\t\t\t\t\t\t<div class=\"elementor-divider\">\n\t\t\t<span class=\"elementor-divider-separator\">\n\t\t\t\t\t\t<\/span>\n\t\t<\/div>\n\t\t\t\t\t\t<\/div>\n\t\t\t\t<\/div>\n\t\t\t\t<section class=\"elementor-section elementor-inner-section elementor-element elementor-element-154f23a elementor-section-boxed elementor-section-height-default elementor-section-height-default\" data-id=\"154f23a\" data-element_type=\"section\">\n\t\t\t\t\t\t<div class=\"elementor-container elementor-column-gap-default\">\n\t\t\t\t\t<div class=\"elementor-column elementor-col-50 elementor-inner-column elementor-element elementor-element-4ad4821\" data-id=\"4ad4821\" data-element_type=\"column\">\n\t\t\t<div class=\"elementor-widget-wrap elementor-element-populated\">\n\t\t\t\t\t\t<div class=\"elementor-element elementor-element-01e30cc elementor-cta--skin-cover elementor-cta--valign-bottom elementor-cta--sequenced-animation elementor-animated-content elementor-bg-transform elementor-bg-transform-zoom-in elementor-widget elementor-widget-call-to-action\" data-id=\"01e30cc\" data-element_type=\"widget\" data-widget_type=\"call-to-action.default\">\n\t\t\t\t<div class=\"elementor-widget-container\">\n\t\t\t\t\t\t\t<div class=\"elementor-cta\">\n\t\t\t\t\t<div class=\"elementor-cta__bg-wrapper\">\n\t\t\t\t<div class=\"elementor-cta__bg elementor-bg\" style=\"background-image: url(https:\/\/islandman.no\/wp-content\/uploads\/2022\/11\/yoga-2.jpg);\" role=\"img\" aria-label=\"yoga-2.jpg\"><\/div>\n\t\t\t\t<div class=\"elementor-cta__bg-overlay\"><\/div>\n\t\t\t<\/div>\n\t\t\t\t\t\t\t<div class=\"elementor-cta__content\">\n\t\t\t\t\t\t\t\t\t<div class=\"elementor-content-item elementor-cta__content-item elementor-icon-wrapper elementor-cta__icon elementor-view-default elementor-animated-item--move-right\">\n\t\t\t\t\t\t<div class=\"elementor-icon\">\n\t\t\t\t\t\t\t<i aria-hidden=\"true\" class=\"icon icon-minus\"><\/i>\t\t\t\t\t\t<\/div>\n\t\t\t\t\t<\/div>\n\t\t\t\t\n\t\t\t\t\t\t\t\t\t<h3 class=\"elementor-cta__title elementor-cta__content-item elementor-content-item elementor-animated-item--move-right\">\n\t\t\t\t\t\tYoga\t\t\t\t\t<\/h3>\n\t\t\t\t\n\t\t\t\t\t\t\t\t\t<div class=\"elementor-cta__description elementor-cta__content-item elementor-content-item elementor-animated-item--move-right\">\n\t\t\t\t\t\tKundalini Yoga \"as taught by Bhajan\" is a relatively new form of yoga, developed in the USA in the late 60s.\t\t\t\t\t<\/div>\n\t\t\t\t\n\t\t\t\t\t\t\t\t\t<div class=\"elementor-cta__button-wrapper elementor-cta__content-item elementor-content-item elementor-animated-item--move-right\">\n\t\t\t\t\t<a class=\"elementor-cta__button elementor-button elementor-size-\" href=\"\/en\/activities\/yoga\/\">\n\t\t\t\t\t\tRead more\t\t\t\t\t<\/a>\n\t\t\t\t\t<\/div>\n\t\t\t\t\t\t\t<\/div>\n\t\t\t\t\t\t<\/div>\n\t\t\t\t\t\t<\/div>\n\t\t\t\t<\/div>\n\t\t\t\t\t<\/div>\n\t\t<\/div>\n\t\t\t\t<div class=\"elementor-column elementor-col-50 elementor-inner-column elementor-element elementor-element-1154fbe\" data-id=\"1154fbe\" data-element_type=\"column\">\n\t\t\t<div class=\"elementor-widget-wrap elementor-element-populated\">\n\t\t\t\t\t\t<div class=\"elementor-element elementor-element-1b708bf elementor-cta--skin-cover elementor-cta--valign-bottom elementor-cta--sequenced-animation elementor-animated-content elementor-bg-transform elementor-bg-transform-zoom-in elementor-widget elementor-widget-call-to-action\" data-id=\"1b708bf\" data-element_type=\"widget\" data-widget_type=\"call-to-action.default\">\n\t\t\t\t<div class=\"elementor-widget-container\">\n\t\t\t\t\t\t\t<div class=\"elementor-cta\">\n\t\t\t\t\t<div class=\"elementor-cta__bg-wrapper\">\n\t\t\t\t<div class=\"elementor-cta__bg elementor-bg\" style=\"background-image: url(https:\/\/islandman.no\/wp-content\/uploads\/2022\/11\/shutterstock_120242575.jpg);\" role=\"img\" aria-label=\"Reiki therapy with girl working as spirit healer, arranging crystals and gemstones on female client for treatment\"><\/div>\n\t\t\t\t<div class=\"elementor-cta__bg-overlay\"><\/div>\n\t\t\t<\/div>\n\t\t\t\t\t\t\t<div class=\"elementor-cta__content\">\n\t\t\t\t\t\t\t\t\t<div class=\"elementor-content-item elementor-cta__content-item elementor-icon-wrapper elementor-cta__icon elementor-view-default elementor-animated-item--move-right\">\n\t\t\t\t\t\t<div class=\"elementor-icon\">\n\t\t\t\t\t\t\t<i aria-hidden=\"true\" class=\"icon icon-minus\"><\/i>\t\t\t\t\t\t<\/div>\n\t\t\t\t\t<\/div>\n\t\t\t\t\n\t\t\t\t\t\t\t\t\t<h3 class=\"elementor-cta__title elementor-cta__content-item elementor-content-item elementor-animated-item--move-right\">\n\t\t\t\t\t\tReiki\t\t\t\t\t<\/h3>\n\t\t\t\t\n\t\t\t\t\t\t\t\t\t<div class=\"elementor-cta__description elementor-cta__content-item elementor-content-item elementor-animated-item--move-right\">\n\t\t\t\t\t\tA \"1 to 1\" treatment with joint meditation, and light treatment on points on the client.\t\t\t\t\t<\/div>\n\t\t\t\t\n\t\t\t\t\t\t\t\t\t<div class=\"elementor-cta__button-wrapper elementor-cta__content-item elementor-content-item elementor-animated-item--move-right\">\n\t\t\t\t\t<a class=\"elementor-cta__button elementor-button elementor-size-\" href=\"\/en\/activities\/reiki\/\">\n\t\t\t\t\t\tRead more\t\t\t\t\t<\/a>\n\t\t\t\t\t<\/div>\n\t\t\t\t\t\t\t<\/div>\n\t\t\t\t\t\t<\/div>\n\t\t\t\t\t\t<\/div>\n\t\t\t\t<\/div>\n\t\t\t\t\t<\/div>\n\t\t<\/div>\n\t\t\t\t\t<\/div>\n\t\t<\/section>\n\t\t\t\t\t<\/div>\n\t\t<\/div>\n\t\t\t\t\t<\/div>\n\t\t<\/section>\n\t\t\t\t<section class=\"elementor-section elementor-top-section elementor-element elementor-element-e31ee20 elementor-section-boxed elementor-section-height-default elementor-section-height-default\" data-id=\"e31ee20\" data-element_type=\"section\" data-settings=\"{&quot;background_background&quot;:&quot;classic&quot;}\">\n\t\t\t\t\t\t<div class=\"elementor-container elementor-column-gap-default\">\n\t\t\t\t\t<div class=\"elementor-column elementor-col-100 elementor-top-column elementor-element elementor-element-5bd3a7c\" data-id=\"5bd3a7c\" data-element_type=\"column\">\n\t\t\t<div class=\"elementor-widget-wrap elementor-element-populated\">\n\t\t\t\t\t\t<section class=\"elementor-section elementor-inner-section elementor-element elementor-element-9848ce4 elementor-section-boxed elementor-section-height-default elementor-section-height-default elementor-invisible\" data-id=\"9848ce4\" data-element_type=\"section\" data-settings=\"{&quot;animation&quot;:&quot;fadeInUp&quot;}\">\n\t\t\t\t\t\t<div class=\"elementor-container elementor-column-gap-default\">\n\t\t\t\t\t<div class=\"elementor-column elementor-col-100 elementor-inner-column elementor-element elementor-element-5999a53\" data-id=\"5999a53\" data-element_type=\"column\" data-settings=\"{&quot;background_background&quot;:&quot;classic&quot;}\">\n\t\t\t<div class=\"elementor-widget-wrap elementor-element-populated\">\n\t\t\t\t\t<div class=\"elementor-background-overlay\"><\/div>\n\t\t\t\t\t\t<div class=\"elementor-element elementor-element-7ac9677 elementor-widget elementor-widget-heading\" data-id=\"7ac9677\" data-element_type=\"widget\" data-widget_type=\"heading.default\">\n\t\t\t\t<div class=\"elementor-widget-container\">\n\t\t\t\t\t<h2 class=\"elementor-heading-title elementor-size-default\">Inner peace and wellbeing<\/h2>\t\t\t\t<\/div>\n\t\t\t\t<\/div>\n\t\t\t\t<div class=\"elementor-element elementor-element-e6ccc38 elementor-widget elementor-widget-text-editor\" data-id=\"e6ccc38\" data-element_type=\"widget\" data-widget_type=\"text-editor.default\">\n\t\t\t\t<div class=\"elementor-widget-container\">\n\t\t\t\t\t\t\t\t\t<div dir=\"auto\">We are on a beautiful life journey, and we invite you to join us.\u00a0<\/div><div dir=\"auto\">With a broad social experience, and qualified Yoga- and Reiki education, we are at your service.\u00a0<\/div><div dir=\"auto\">\u00a0<\/div><div dir=\"auto\">Life is beautiful right here and now. Are we able to activate our inner energy, to set into motion our  inner power?\u00a0<\/div>\t\t\t\t\t\t\t\t<\/div>\n\t\t\t\t<\/div>\n\t\t\t\t<div class=\"elementor-element elementor-element-4f41bfa elementor-align-center elementor-widget elementor-widget-button\" data-id=\"4f41bfa\" data-element_type=\"widget\" data-widget_type=\"button.default\">\n\t\t\t\t<div class=\"elementor-widget-container\">\n\t\t\t\t\t\t\t\t\t<div class=\"elementor-button-wrapper\">\n\t\t\t\t\t<a class=\"elementor-button elementor-button-link elementor-size-md\" href=\"\/en\/contact\/\">\n\t\t\t\t\t\t<span class=\"elementor-button-content-wrapper\">\n\t\t\t\t\t\t<span class=\"elementor-button-icon\">\n\t\t\t\t<i aria-hidden=\"true\" class=\"fas fa-chevron-right\"><\/i>\t\t\t<\/span>\n\t\t\t\t\t\t\t\t\t<span class=\"elementor-button-text\">Contact us<\/span>\n\t\t\t\t\t<\/span>\n\t\t\t\t\t<\/a>\n\t\t\t\t<\/div>\n\t\t\t\t\t\t\t\t<\/div>\n\t\t\t\t<\/div>\n\t\t\t\t\t<\/div>\n\t\t<\/div>\n\t\t\t\t\t<\/div>\n\t\t<\/section>\n\t\t\t\t\t<\/div>\n\t\t<\/div>\n\t\t\t\t\t<\/div>\n\t\t<\/section>\n\t\t\t\t<\/div>","protected":false},"excerpt":{"rendered":"<p>Om Islandman Tilpasning til den enkeltes forutsetninger Jeg heter Espen, og er f\u00f8rst og fremst Reiki ut\u00f8ver. Jeg spiller ogs\u00e5 gong og tibetanske boller, og jeg har 220 timers yogal\u00e6rerutdannelse.\u00a0 Min formelle utdannelse er variert og omfattende, men jeg har blant annet en formell l\u00e6rerutdanning.\u00a0 Jeg har mange \u00e5rs erfaring i \u00e5 jobbe med mennesker [&hellip;]<\/p>","protected":false},"author":1,"featured_media":822,"parent":0,"menu_order":0,"comment_status":"closed","ping_status":"closed","template":"elementor_header_footer","meta":{"footnotes":""},"class_list":["post-18","page","type-page","status-publish","has-post-thumbnail","hentry","entry","has-media"],"yoast_head":"<!-- This site is optimized with the Yoast SEO plugin v26.0 - https:\/\/yoast.com\/wordpress\/plugins\/seo\/ -->\n<title>Om Islandman - Islandman<\/title>\n<meta name=\"description\" content=\"Med erfaring innenfor samfunn og milj\u00f8, samt Yoga- og Reiki utdannelse, tilbyr vi faglige og personlige tjenester.\" \/>\n<meta name=\"robots\" content=\"index, follow, max-snippet:-1, max-image-preview:large, max-video-preview:-1\" \/>\n<link rel=\"canonical\" href=\"https:\/\/islandman.no\/en\/about\/\" \/>\n<meta property=\"og:locale\" content=\"en_US\" \/>\n<meta property=\"og:type\" content=\"article\" \/>\n<meta property=\"og:title\" content=\"Om Islandman - Islandman\" \/>\n<meta property=\"og:description\" content=\"Med erfaring innenfor samfunn og milj\u00f8, samt Yoga- og Reiki utdannelse, tilbyr vi faglige og personlige tjenester.\" \/>\n<meta property=\"og:url\" content=\"https:\/\/islandman.no\/en\/about\/\" \/>\n<meta property=\"og:site_name\" content=\"Islandman\" \/>\n<meta property=\"article:modified_time\" content=\"2023-04-28T12:42:43+00:00\" \/>\n<meta property=\"og:image\" content=\"https:\/\/islandman.no\/wp-content\/uploads\/2023\/01\/islandman.jpg\" \/>\n\t<meta property=\"og:image:width\" content=\"2048\" \/>\n\t<meta property=\"og:image:height\" content=\"1365\" \/>\n\t<meta property=\"og:image:type\" content=\"image\/jpeg\" \/>\n<meta name=\"twitter:card\" content=\"summary_large_image\" \/>\n<meta name=\"twitter:title\" content=\"Om Islandman - Islandman\" \/>\n<meta name=\"twitter:description\" content=\"Med erfaring innenfor samfunn og milj\u00f8, samt Yoga- og Reiki utdannelse, tilbyr vi faglige og personlige tjenester.\" \/>\n<meta name=\"twitter:image\" content=\"https:\/\/islandman.no\/wp-content\/uploads\/2023\/01\/islandman.jpg\" \/>\n<meta name=\"twitter:label1\" content=\"Est. reading time\" \/>\n\t<meta name=\"twitter:data1\" content=\"2 minutes\" \/>\n<script type=\"application\/ld+json\" class=\"yoast-schema-graph\">{\"@context\":\"https:\/\/schema.org\",\"@graph\":[{\"@type\":\"WebPage\",\"@id\":\"https:\/\/islandman.no\/om-oss\/\",\"url\":\"https:\/\/islandman.no\/om-oss\/\",\"name\":\"Om Islandman - Islandman\",\"isPartOf\":{\"@id\":\"https:\/\/islandman.no\/#website\"},\"primaryImageOfPage\":{\"@id\":\"https:\/\/islandman.no\/om-oss\/#primaryimage\"},\"image\":{\"@id\":\"https:\/\/islandman.no\/om-oss\/#primaryimage\"},\"thumbnailUrl\":\"https:\/\/islandman.no\/wp-content\/uploads\/2023\/01\/islandman.jpg\",\"datePublished\":\"2022-11-25T07:25:48+00:00\",\"dateModified\":\"2023-04-28T12:42:43+00:00\",\"description\":\"Med erfaring innenfor samfunn og milj\u00f8, samt Yoga- og Reiki utdannelse, tilbyr vi faglige og personlige tjenester.\",\"breadcrumb\":{\"@id\":\"https:\/\/islandman.no\/om-oss\/#breadcrumb\"},\"inLanguage\":\"en-US\",\"potentialAction\":[{\"@type\":\"ReadAction\",\"target\":[\"https:\/\/islandman.no\/om-oss\/\"]}]},{\"@type\":\"ImageObject\",\"inLanguage\":\"en-US\",\"@id\":\"https:\/\/islandman.no\/om-oss\/#primaryimage\",\"url\":\"https:\/\/islandman.no\/wp-content\/uploads\/2023\/01\/islandman.jpg\",\"contentUrl\":\"https:\/\/islandman.no\/wp-content\/uploads\/2023\/01\/islandman.jpg\",\"width\":2048,\"height\":1365},{\"@type\":\"BreadcrumbList\",\"@id\":\"https:\/\/islandman.no\/om-oss\/#breadcrumb\",\"itemListElement\":[{\"@type\":\"ListItem\",\"position\":1,\"name\":\"Hjem\",\"item\":\"https:\/\/islandman.no\/\"},{\"@type\":\"ListItem\",\"position\":2,\"name\":\"Om Islandman\"}]},{\"@type\":\"WebSite\",\"@id\":\"https:\/\/islandman.no\/#website\",\"url\":\"https:\/\/islandman.no\/\",\"name\":\"Islandman\",\"description\":\"Profesjonell yoga- og reiki instrukt\u00f8r\",\"potentialAction\":[{\"@type\":\"SearchAction\",\"target\":{\"@type\":\"EntryPoint\",\"urlTemplate\":\"https:\/\/islandman.no\/?s={search_term_string}\"},\"query-input\":{\"@type\":\"PropertyValueSpecification\",\"valueRequired\":true,\"valueName\":\"search_term_string\"}}],\"inLanguage\":\"en-US\"}]}<\/script>\n<!-- \/ Yoast SEO plugin. -->","yoast_head_json":{"title":"Om Islandman - Islandman","description":"With a broad social experience, and qualified Yoga- and Reiki education, we are at your service.","robots":{"index":"index","follow":"follow","max-snippet":"max-snippet:-1","max-image-preview":"max-image-preview:large","max-video-preview":"max-video-preview:-1"},"canonical":"https:\/\/islandman.no\/en\/about\/","og_locale":"en_US","og_type":"article","og_title":"Om Islandman - Islandman","og_description":"Med erfaring innenfor samfunn og milj\u00f8, samt Yoga- og Reiki utdannelse, tilbyr vi faglige og personlige tjenester.","og_url":"https:\/\/islandman.no\/en\/about\/","og_site_name":"Islandman","article_modified_time":"2023-04-28T12:42:43+00:00","og_image":[{"width":2048,"height":1365,"url":"https:\/\/islandman.no\/wp-content\/uploads\/2023\/01\/islandman.jpg","type":"image\/jpeg"}],"twitter_card":"summary_large_image","twitter_title":"Om Islandman - Islandman","twitter_description":"Med erfaring innenfor samfunn og milj\u00f8, samt Yoga- og Reiki utdannelse, tilbyr vi faglige og personlige tjenester.","twitter_image":"https:\/\/islandman.no\/wp-content\/uploads\/2023\/01\/islandman.jpg","twitter_misc":{"Est. reading time":"2 minutes"},"schema":{"@context":"https:\/\/schema.org","@graph":[{"@type":"WebPage","@id":"https:\/\/islandman.no\/om-oss\/","url":"https:\/\/islandman.no\/om-oss\/","name":"Om Islandman - Islandman","isPartOf":{"@id":"https:\/\/islandman.no\/#website"},"primaryImageOfPage":{"@id":"https:\/\/islandman.no\/om-oss\/#primaryimage"},"image":{"@id":"https:\/\/islandman.no\/om-oss\/#primaryimage"},"thumbnailUrl":"https:\/\/islandman.no\/wp-content\/uploads\/2023\/01\/islandman.jpg","datePublished":"2022-11-25T07:25:48+00:00","dateModified":"2023-04-28T12:42:43+00:00","description":"With a broad social experience, and qualified Yoga- and Reiki education, we are at your service.","breadcrumb":{"@id":"https:\/\/islandman.no\/om-oss\/#breadcrumb"},"inLanguage":"en-US","potentialAction":[{"@type":"ReadAction","target":["https:\/\/islandman.no\/om-oss\/"]}]},{"@type":"ImageObject","inLanguage":"en-US","@id":"https:\/\/islandman.no\/om-oss\/#primaryimage","url":"https:\/\/islandman.no\/wp-content\/uploads\/2023\/01\/islandman.jpg","contentUrl":"https:\/\/islandman.no\/wp-content\/uploads\/2023\/01\/islandman.jpg","width":2048,"height":1365},{"@type":"BreadcrumbList","@id":"https:\/\/islandman.no\/om-oss\/#breadcrumb","itemListElement":[{"@type":"ListItem","position":1,"name":"Hjem","item":"https:\/\/islandman.no\/"},{"@type":"ListItem","position":2,"name":"Om Islandman"}]},{"@type":"WebSite","@id":"https:\/\/islandman.no\/#website","url":"https:\/\/islandman.no\/","name":"Islandman","description":"Profesjonell yoga- og reiki instrukt\u00f8r","potentialAction":[{"@type":"SearchAction","target":{"@type":"EntryPoint","urlTemplate":"https:\/\/islandman.no\/?s={search_term_string}"},"query-input":{"@type":"PropertyValueSpecification","valueRequired":true,"valueName":"search_term_string"}}],"inLanguage":"en-US"}]}},"_links":{"self":[{"href":"https:\/\/islandman.no\/en\/wp-json\/wp\/v2\/pages\/18","targetHints":{"allow":["GET"]}}],"collection":[{"href":"https:\/\/islandman.no\/en\/wp-json\/wp\/v2\/pages"}],"about":[{"href":"https:\/\/islandman.no\/en\/wp-json\/wp\/v2\/types\/page"}],"author":[{"embeddable":true,"href":"https:\/\/islandman.no\/en\/wp-json\/wp\/v2\/users\/1"}],"replies":[{"embeddable":true,"href":"https:\/\/islandman.no\/en\/wp-json\/wp\/v2\/comments?post=18"}],"version-history":[{"count":0,"href":"https:\/\/islandman.no\/en\/wp-json\/wp\/v2\/pages\/18\/revisions"}],"wp:featuredmedia":[{"embeddable":true,"href":"https:\/\/islandman.no\/en\/wp-json\/wp\/v2\/media\/822"}],"wp:attachment":[{"href":"https:\/\/islandman.no\/en\/wp-json\/wp\/v2\/media?parent=18"}],"curies":[{"name":"wp","href":"https:\/\/api.w.org\/{rel}","templated":true}]}}