{"id":24,"date":"2022-11-25T08:26:23","date_gmt":"2022-11-25T07:26:23","guid":{"rendered":"https:\/\/bergheim.hornmedia.no\/?page_id=24"},"modified":"2023-04-28T14:53:06","modified_gmt":"2023-04-28T12:53:06","slug":"yoga","status":"publish","type":"page","link":"https:\/\/islandman.no\/en\/activities\/yoga\/","title":{"rendered":"Yoga"},"content":{"rendered":"<div data-elementor-type=\"wp-page\" data-elementor-id=\"24\" class=\"elementor elementor-24\" data-elementor-post-type=\"page\">\n\t\t\t\t\t\t<section class=\"elementor-section elementor-top-section elementor-element elementor-element-1daca55 elementor-section-boxed elementor-section-height-default elementor-section-height-default\" data-id=\"1daca55\" data-element_type=\"section\" data-settings=\"{&quot;background_background&quot;:&quot;classic&quot;}\">\n\t\t\t\t\t\t\t<div class=\"elementor-background-overlay\"><\/div>\n\t\t\t\t\t\t\t<div class=\"elementor-container elementor-column-gap-default\">\n\t\t\t\t\t<div class=\"elementor-column elementor-col-100 elementor-top-column elementor-element elementor-element-20c1e5a\" data-id=\"20c1e5a\" data-element_type=\"column\">\n\t\t\t<div class=\"elementor-widget-wrap elementor-element-populated\">\n\t\t\t\t\t\t<div class=\"elementor-element elementor-element-ca70bbe animated-slow elementor-invisible elementor-widget elementor-widget-heading\" data-id=\"ca70bbe\" data-element_type=\"widget\" data-settings=\"{&quot;_animation&quot;:&quot;fadeInDown&quot;}\" data-widget_type=\"heading.default\">\n\t\t\t\t<div class=\"elementor-widget-container\">\n\t\t\t\t\t<span class=\"elementor-heading-title elementor-size-default\">Our activities<\/span>\t\t\t\t<\/div>\n\t\t\t\t<\/div>\n\t\t\t\t<div class=\"elementor-element elementor-element-00f73dd elementor-invisible elementor-widget elementor-widget-heading\" data-id=\"00f73dd\" data-element_type=\"widget\" data-settings=\"{&quot;_animation&quot;:&quot;fadeInDown&quot;}\" data-widget_type=\"heading.default\">\n\t\t\t\t<div class=\"elementor-widget-container\">\n\t\t\t\t\t<h1 class=\"elementor-heading-title elementor-size-default\">Yoga\u200b<\/h1>\t\t\t\t<\/div>\n\t\t\t\t<\/div>\n\t\t\t\t\t<\/div>\n\t\t<\/div>\n\t\t\t\t\t<\/div>\n\t\t<\/section>\n\t\t\t\t<section class=\"elementor-section elementor-top-section elementor-element elementor-element-f22007b elementor-section-content-middle elementor-section-boxed elementor-section-height-default elementor-section-height-default\" data-id=\"f22007b\" data-element_type=\"section\" data-settings=\"{&quot;background_background&quot;:&quot;classic&quot;}\">\n\t\t\t\t\t\t\t<div class=\"elementor-background-overlay\"><\/div>\n\t\t\t\t\t\t\t<div class=\"elementor-container elementor-column-gap-default\">\n\t\t\t\t\t<div class=\"elementor-column elementor-col-66 elementor-top-column elementor-element elementor-element-5aa59f0\" data-id=\"5aa59f0\" data-element_type=\"column\">\n\t\t\t<div class=\"elementor-widget-wrap elementor-element-populated\">\n\t\t\t\t\t\t<div class=\"elementor-element elementor-element-f7d51cb elementor-widget elementor-widget-heading\" data-id=\"f7d51cb\" data-element_type=\"widget\" data-widget_type=\"heading.default\">\n\t\t\t\t<div class=\"elementor-widget-container\">\n\t\t\t\t\t<h4 class=\"elementor-heading-title elementor-size-default\">Yoga<\/h4>\t\t\t\t<\/div>\n\t\t\t\t<\/div>\n\t\t\t\t<div class=\"elementor-element elementor-element-bc9cf42 elementor-widget elementor-widget-text-editor\" data-id=\"bc9cf42\" data-element_type=\"widget\" data-widget_type=\"text-editor.default\">\n\t\t\t\t<div class=\"elementor-widget-container\">\n\t\t\t\t\t\t\t\t\t<p><span style=\"font-weight: 400;\">Yoga could be described as an ancient system of practices used to balance the mind and body through meditation, exercise, and breath control.\u00a0<\/span><\/p><p><span style=\"font-weight: 400;\">It is a mind and body practice. It combines the aforementioned elements and creates harmony and relaxation and promotes wellbeing.\u00a0<\/span><\/p><p><span style=\"font-weight: 400;\">Some of the most common types of yoga today are:<\/span><\/p><ul><li><span style=\"font-weight: 400;\">Vinyasa Yoga<\/span><\/li><li><span style=\"font-weight: 400;\">Hatha Yoga<\/span><\/li><li><span style=\"font-weight: 400;\">Lyengar Yoga<\/span><\/li><li><span style=\"font-weight: 400;\">Kundalini Yoga<\/span><\/li><li><span style=\"font-weight: 400;\">Ashtanga Yoga<\/span><\/li><li><span style=\"font-weight: 400;\">Bikram Yoga<\/span><\/li><li><span style=\"font-weight: 400;\">Yin Yoga<\/span><\/li><\/ul>\t\t\t\t\t\t\t\t<\/div>\n\t\t\t\t<\/div>\n\t\t\t\t<div class=\"elementor-element elementor-element-1cc0159 elementor-widget elementor-widget-heading\" data-id=\"1cc0159\" data-element_type=\"widget\" data-widget_type=\"heading.default\">\n\t\t\t\t<div class=\"elementor-widget-container\">\n\t\t\t\t\t<h4 class=\"elementor-heading-title elementor-size-default\">Restorative Yoga<\/h4>\t\t\t\t<\/div>\n\t\t\t\t<\/div>\n\t\t\t\t<div class=\"elementor-element elementor-element-a07a444 elementor-widget elementor-widget-text-editor\" data-id=\"a07a444\" data-element_type=\"widget\" data-widget_type=\"text-editor.default\">\n\t\t\t\t<div class=\"elementor-widget-container\">\n\t\t\t\t\t\t\t\t\t<p><span style=\"font-weight: 400;\">Some of these forms have been created from the 1900`s and up, inspired by the older forms. Rig Veda, the oldest written Sanskrit work, mentions Vedic Yoga. This is the oldest known Yoga form. It combined the four main paths of yoga, Raja Yoga, Karma Yoga, Bhakti Yoga and Jnama Yoga. The vedas was written about 2500 years ago. <\/span><\/p>\t\t\t\t\t\t\t\t<\/div>\n\t\t\t\t<\/div>\n\t\t\t\t\t<\/div>\n\t\t<\/div>\n\t\t\t\t<div class=\"elementor-column elementor-col-33 elementor-top-column elementor-element elementor-element-f0c7a77\" data-id=\"f0c7a77\" data-element_type=\"column\">\n\t\t\t<div class=\"elementor-widget-wrap elementor-element-populated\">\n\t\t\t\t\t\t<section class=\"elementor-section elementor-inner-section elementor-element elementor-element-8a645b8 elementor-section-boxed elementor-section-height-default elementor-section-height-default\" data-id=\"8a645b8\" data-element_type=\"section\">\n\t\t\t\t\t\t<div class=\"elementor-container elementor-column-gap-default\">\n\t\t\t\t\t<div class=\"elementor-column elementor-col-100 elementor-inner-column elementor-element elementor-element-51486c5\" data-id=\"51486c5\" data-element_type=\"column\" data-settings=\"{&quot;background_background&quot;:&quot;classic&quot;}\">\n\t\t\t<div class=\"elementor-widget-wrap elementor-element-populated\">\n\t\t\t\t\t\t<div class=\"elementor-element elementor-element-8302c2b elementor-widget elementor-widget-heading\" data-id=\"8302c2b\" data-element_type=\"widget\" data-widget_type=\"heading.default\">\n\t\t\t\t<div class=\"elementor-widget-container\">\n\t\t\t\t\t<h4 class=\"elementor-heading-title elementor-size-default\">Detaljer<\/h4>\t\t\t\t<\/div>\n\t\t\t\t<\/div>\n\t\t\t\t<div class=\"elementor-element elementor-element-d65d520 elementor-widget-divider--view-line elementor-widget elementor-widget-divider\" data-id=\"d65d520\" data-element_type=\"widget\" data-widget_type=\"divider.default\">\n\t\t\t\t<div class=\"elementor-widget-container\">\n\t\t\t\t\t\t\t<div class=\"elementor-divider\">\n\t\t\t<span class=\"elementor-divider-separator\">\n\t\t\t\t\t\t<\/span>\n\t\t<\/div>\n\t\t\t\t\t\t<\/div>\n\t\t\t\t<\/div>\n\t\t\t\t<div class=\"elementor-element elementor-element-54727d48 elementor-icon-list--layout-traditional elementor-list-item-link-full_width elementor-widget elementor-widget-icon-list\" data-id=\"54727d48\" data-element_type=\"widget\" data-widget_type=\"icon-list.default\">\n\t\t\t\t<div class=\"elementor-widget-container\">\n\t\t\t\t\t\t\t<ul class=\"elementor-icon-list-items\">\n\t\t\t\t\t\t\t<li class=\"elementor-icon-list-item\">\n\t\t\t\t\t\t\t\t\t\t\t<span class=\"elementor-icon-list-icon\">\n\t\t\t\t\t\t\t<i aria-hidden=\"true\" class=\"far fa-list-alt\"><\/i>\t\t\t\t\t\t<\/span>\n\t\t\t\t\t\t\t\t\t\t<span class=\"elementor-icon-list-text\">Beginner \/ Intermediate<\/span>\n\t\t\t\t\t\t\t\t\t<\/li>\n\t\t\t\t\t\t\t\t<li class=\"elementor-icon-list-item\">\n\t\t\t\t\t\t\t\t\t\t\t<span class=\"elementor-icon-list-icon\">\n\t\t\t\t\t\t\t<i aria-hidden=\"true\" class=\"far fa-calendar-check\"><\/i>\t\t\t\t\t\t<\/span>\n\t\t\t\t\t\t\t\t\t\t<span class=\"elementor-icon-list-text\">Appointment based<\/span>\n\t\t\t\t\t\t\t\t\t<\/li>\n\t\t\t\t\t\t\t\t<li class=\"elementor-icon-list-item\">\n\t\t\t\t\t\t\t\t\t\t\t<span class=\"elementor-icon-list-icon\">\n\t\t\t\t\t\t\t<i aria-hidden=\"true\" class=\"far fa-clock\"><\/i>\t\t\t\t\t\t<\/span>\n\t\t\t\t\t\t\t\t\t\t<span class=\"elementor-icon-list-text\">1 hour 30 minutes<\/span>\n\t\t\t\t\t\t\t\t\t<\/li>\n\t\t\t\t\t\t\t\t<li class=\"elementor-icon-list-item\">\n\t\t\t\t\t\t\t\t\t\t\t<span class=\"elementor-icon-list-icon\">\n\t\t\t\t\t\t\t<i aria-hidden=\"true\" class=\"fas fa-video\"><\/i>\t\t\t\t\t\t<\/span>\n\t\t\t\t\t\t\t\t\t\t<span class=\"elementor-icon-list-text\">Over video call<\/span>\n\t\t\t\t\t\t\t\t\t<\/li>\n\t\t\t\t\t\t<\/ul>\n\t\t\t\t\t\t<\/div>\n\t\t\t\t<\/div>\n\t\t\t\t\t<\/div>\n\t\t<\/div>\n\t\t\t\t\t<\/div>\n\t\t<\/section>\n\t\t\t\t<div class=\"elementor-element elementor-element-1c1d3cd elementor-align-justify elementor-widget elementor-widget-button\" data-id=\"1c1d3cd\" data-element_type=\"widget\" data-widget_type=\"button.default\">\n\t\t\t\t<div class=\"elementor-widget-container\">\n\t\t\t\t\t\t\t\t\t<div class=\"elementor-button-wrapper\">\n\t\t\t\t\t<a class=\"elementor-button elementor-button-link elementor-size-sm\" href=\"\/en\/contact\/\">\n\t\t\t\t\t\t<span class=\"elementor-button-content-wrapper\">\n\t\t\t\t\t\t\t\t\t<span class=\"elementor-button-text\">Contact us<\/span>\n\t\t\t\t\t<\/span>\n\t\t\t\t\t<\/a>\n\t\t\t\t<\/div>\n\t\t\t\t\t\t\t\t<\/div>\n\t\t\t\t<\/div>\n\t\t\t\t\t<\/div>\n\t\t<\/div>\n\t\t\t\t\t<\/div>\n\t\t<\/section>\n\t\t\t\t<section class=\"elementor-section elementor-top-section elementor-element elementor-element-d81e35e elementor-section-boxed elementor-section-height-default elementor-section-height-default\" data-id=\"d81e35e\" data-element_type=\"section\" data-settings=\"{&quot;background_background&quot;:&quot;classic&quot;}\">\n\t\t\t\t\t\t<div class=\"elementor-container elementor-column-gap-default\">\n\t\t\t\t\t<div class=\"elementor-column elementor-col-100 elementor-top-column elementor-element elementor-element-85ad913\" data-id=\"85ad913\" data-element_type=\"column\">\n\t\t\t<div class=\"elementor-widget-wrap elementor-element-populated\">\n\t\t\t\t\t\t<section class=\"elementor-section elementor-inner-section elementor-element elementor-element-e4dcf77 elementor-section-boxed elementor-section-height-default elementor-section-height-default elementor-invisible\" data-id=\"e4dcf77\" data-element_type=\"section\" data-settings=\"{&quot;animation&quot;:&quot;fadeInUp&quot;}\">\n\t\t\t\t\t\t<div class=\"elementor-container elementor-column-gap-default\">\n\t\t\t\t\t<div class=\"elementor-column elementor-col-100 elementor-inner-column elementor-element elementor-element-b78d43a\" data-id=\"b78d43a\" data-element_type=\"column\" data-settings=\"{&quot;background_background&quot;:&quot;classic&quot;}\">\n\t\t\t<div class=\"elementor-widget-wrap elementor-element-populated\">\n\t\t\t\t\t<div class=\"elementor-background-overlay\"><\/div>\n\t\t\t\t\t\t<div class=\"elementor-element elementor-element-9ffb4b9 elementor-widget elementor-widget-heading\" data-id=\"9ffb4b9\" data-element_type=\"widget\" data-widget_type=\"heading.default\">\n\t\t\t\t<div class=\"elementor-widget-container\">\n\t\t\t\t\t<h2 class=\"elementor-heading-title elementor-size-default\">Inner peace and wellbeing<\/h2>\t\t\t\t<\/div>\n\t\t\t\t<\/div>\n\t\t\t\t<div class=\"elementor-element elementor-element-5b837ce elementor-widget elementor-widget-text-editor\" data-id=\"5b837ce\" data-element_type=\"widget\" data-widget_type=\"text-editor.default\">\n\t\t\t\t<div class=\"elementor-widget-container\">\n\t\t\t\t\t\t\t\t\t<div dir=\"auto\">We are on a beautiful life journey, and we invite you to join us.\u00a0<\/div><div dir=\"auto\">With a broad social experience, and qualified Yoga- and Reiki education, we are at your service.\u00a0<\/div><div dir=\"auto\">\u00a0<\/div><div dir=\"auto\">Life is beautiful right here and now. Are we able to activate our inner energy, to set into motion our  inner power?\u00a0<\/div>\t\t\t\t\t\t\t\t<\/div>\n\t\t\t\t<\/div>\n\t\t\t\t<div class=\"elementor-element elementor-element-28ebd9d elementor-align-center elementor-widget elementor-widget-button\" data-id=\"28ebd9d\" data-element_type=\"widget\" data-widget_type=\"button.default\">\n\t\t\t\t<div class=\"elementor-widget-container\">\n\t\t\t\t\t\t\t\t\t<div class=\"elementor-button-wrapper\">\n\t\t\t\t\t<a class=\"elementor-button elementor-button-link elementor-size-md\" href=\"\/en\/contact\/\">\n\t\t\t\t\t\t<span class=\"elementor-button-content-wrapper\">\n\t\t\t\t\t\t<span class=\"elementor-button-icon\">\n\t\t\t\t<i aria-hidden=\"true\" class=\"fas fa-chevron-right\"><\/i>\t\t\t<\/span>\n\t\t\t\t\t\t\t\t\t<span class=\"elementor-button-text\">Contact us<\/span>\n\t\t\t\t\t<\/span>\n\t\t\t\t\t<\/a>\n\t\t\t\t<\/div>\n\t\t\t\t\t\t\t\t<\/div>\n\t\t\t\t<\/div>\n\t\t\t\t\t<\/div>\n\t\t<\/div>\n\t\t\t\t\t<\/div>\n\t\t<\/section>\n\t\t\t\t\t<\/div>\n\t\t<\/div>\n\t\t\t\t\t<\/div>\n\t\t<\/section>\n\t\t\t\t<\/div>","protected":false},"excerpt":{"rendered":"<p>V\u00e5re aktiviteter Yoga\u200b Yoga Yoga kan beskrives som et eldgammelt system av \u00f8velser, brukt til \u00e5 balansere det mentale og det fysiske gjennom meditasjon, fysisk utfoldelse og pusteteknikker.\u00a0 Det er en praksis for det mentale og det fysiske som kombinerer disse elementene, og skaper harmoni og avslapning, og som fremhever velv\u00e6re.\u00a0 Noen av de mest [&hellip;]<\/p>","protected":false},"author":1,"featured_media":822,"parent":20,"menu_order":0,"comment_status":"closed","ping_status":"closed","template":"elementor_header_footer","meta":{"footnotes":""},"class_list":["post-24","page","type-page","status-publish","has-post-thumbnail","hentry","entry","has-media"],"yoast_head":"<!-- This site is optimized with the Yoast SEO plugin v26.0 - https:\/\/yoast.com\/wordpress\/plugins\/seo\/ -->\n<title>Yoga - Islandman<\/title>\n<meta name=\"description\" content=\"Du trenger ikke \u00e5 ha trent yoga f\u00f8r, og vi stiller ingen krav til fysisk yteevne. Yogaformen gir et utall av \u00f8velser, og kan gi en avslappende effekt.\" \/>\n<meta name=\"robots\" content=\"index, follow, max-snippet:-1, max-image-preview:large, max-video-preview:-1\" \/>\n<link rel=\"canonical\" href=\"https:\/\/islandman.no\/en\/activities\/yoga\/\" \/>\n<meta property=\"og:locale\" content=\"en_US\" \/>\n<meta property=\"og:type\" content=\"article\" \/>\n<meta property=\"og:title\" content=\"Yoga - Islandman\" \/>\n<meta property=\"og:description\" content=\"Du trenger ikke \u00e5 ha trent yoga f\u00f8r, og vi stiller ingen krav til fysisk yteevne. Yogaformen gir et utall av \u00f8velser, og kan gi en avslappende effekt.\" \/>\n<meta property=\"og:url\" content=\"https:\/\/islandman.no\/en\/activities\/yoga\/\" \/>\n<meta property=\"og:site_name\" content=\"Islandman\" \/>\n<meta property=\"article:modified_time\" content=\"2023-04-28T12:53:06+00:00\" \/>\n<meta property=\"og:image\" content=\"https:\/\/islandman.no\/wp-content\/uploads\/2023\/01\/islandman.jpg\" \/>\n\t<meta property=\"og:image:width\" content=\"2048\" \/>\n\t<meta property=\"og:image:height\" content=\"1365\" \/>\n\t<meta property=\"og:image:type\" content=\"image\/jpeg\" \/>\n<meta name=\"twitter:card\" content=\"summary_large_image\" \/>\n<meta name=\"twitter:title\" content=\"Yoga - Islandman\" \/>\n<meta name=\"twitter:description\" content=\"Du trenger ikke \u00e5 ha trent yoga f\u00f8r, og vi stiller ingen krav til fysisk yteevne. Yogaformen gir et utall av \u00f8velser, og kan gi en avslappende effekt.\" \/>\n<meta name=\"twitter:image\" content=\"https:\/\/islandman.no\/wp-content\/uploads\/2023\/01\/islandman.jpg\" \/>\n<meta name=\"twitter:label1\" content=\"Est. reading time\" \/>\n\t<meta name=\"twitter:data1\" content=\"2 minutes\" \/>\n<script type=\"application\/ld+json\" class=\"yoast-schema-graph\">{\"@context\":\"https:\/\/schema.org\",\"@graph\":[{\"@type\":\"WebPage\",\"@id\":\"https:\/\/islandman.no\/aktiviteter\/yoga\/\",\"url\":\"https:\/\/islandman.no\/aktiviteter\/yoga\/\",\"name\":\"Yoga - Islandman\",\"isPartOf\":{\"@id\":\"https:\/\/islandman.no\/#website\"},\"primaryImageOfPage\":{\"@id\":\"https:\/\/islandman.no\/aktiviteter\/yoga\/#primaryimage\"},\"image\":{\"@id\":\"https:\/\/islandman.no\/aktiviteter\/yoga\/#primaryimage\"},\"thumbnailUrl\":\"https:\/\/islandman.no\/wp-content\/uploads\/2023\/01\/islandman.jpg\",\"datePublished\":\"2022-11-25T07:26:23+00:00\",\"dateModified\":\"2023-04-28T12:53:06+00:00\",\"description\":\"Du trenger ikke \u00e5 ha trent yoga f\u00f8r, og vi stiller ingen krav til fysisk yteevne. Yogaformen gir et utall av \u00f8velser, og kan gi en avslappende effekt.\",\"breadcrumb\":{\"@id\":\"https:\/\/islandman.no\/aktiviteter\/yoga\/#breadcrumb\"},\"inLanguage\":\"en-US\",\"potentialAction\":[{\"@type\":\"ReadAction\",\"target\":[\"https:\/\/islandman.no\/aktiviteter\/yoga\/\"]}]},{\"@type\":\"ImageObject\",\"inLanguage\":\"en-US\",\"@id\":\"https:\/\/islandman.no\/aktiviteter\/yoga\/#primaryimage\",\"url\":\"https:\/\/islandman.no\/wp-content\/uploads\/2023\/01\/islandman.jpg\",\"contentUrl\":\"https:\/\/islandman.no\/wp-content\/uploads\/2023\/01\/islandman.jpg\",\"width\":2048,\"height\":1365},{\"@type\":\"BreadcrumbList\",\"@id\":\"https:\/\/islandman.no\/aktiviteter\/yoga\/#breadcrumb\",\"itemListElement\":[{\"@type\":\"ListItem\",\"position\":1,\"name\":\"Hjem\",\"item\":\"https:\/\/islandman.no\/\"},{\"@type\":\"ListItem\",\"position\":2,\"name\":\"Aktiviteter\",\"item\":\"https:\/\/islandman.no\/aktiviteter\/\"},{\"@type\":\"ListItem\",\"position\":3,\"name\":\"Yoga\"}]},{\"@type\":\"WebSite\",\"@id\":\"https:\/\/islandman.no\/#website\",\"url\":\"https:\/\/islandman.no\/\",\"name\":\"Islandman\",\"description\":\"Profesjonell yoga- og reiki instrukt\u00f8r\",\"potentialAction\":[{\"@type\":\"SearchAction\",\"target\":{\"@type\":\"EntryPoint\",\"urlTemplate\":\"https:\/\/islandman.no\/?s={search_term_string}\"},\"query-input\":{\"@type\":\"PropertyValueSpecification\",\"valueRequired\":true,\"valueName\":\"search_term_string\"}}],\"inLanguage\":\"en-US\"}]}<\/script>\n<!-- \/ Yoast SEO plugin. -->","yoast_head_json":{"title":"Yoga - Islandman","description":"Du trenger ikke \u00e5 ha trent yoga f\u00f8r, og vi stiller ingen krav til fysisk yteevne. Yogaformen gir et utall av \u00f8velser, og kan gi en avslappende effekt.","robots":{"index":"index","follow":"follow","max-snippet":"max-snippet:-1","max-image-preview":"max-image-preview:large","max-video-preview":"max-video-preview:-1"},"canonical":"https:\/\/islandman.no\/en\/activities\/yoga\/","og_locale":"en_US","og_type":"article","og_title":"Yoga - Islandman","og_description":"Du trenger ikke \u00e5 ha trent yoga f\u00f8r, og vi stiller ingen krav til fysisk yteevne. Yogaformen gir et utall av \u00f8velser, og kan gi en avslappende effekt.","og_url":"https:\/\/islandman.no\/en\/activities\/yoga\/","og_site_name":"Islandman","article_modified_time":"2023-04-28T12:53:06+00:00","og_image":[{"width":2048,"height":1365,"url":"https:\/\/islandman.no\/wp-content\/uploads\/2023\/01\/islandman.jpg","type":"image\/jpeg"}],"twitter_card":"summary_large_image","twitter_title":"Yoga - Islandman","twitter_description":"Du trenger ikke \u00e5 ha trent yoga f\u00f8r, og vi stiller ingen krav til fysisk yteevne. Yogaformen gir et utall av \u00f8velser, og kan gi en avslappende effekt.","twitter_image":"https:\/\/islandman.no\/wp-content\/uploads\/2023\/01\/islandman.jpg","twitter_misc":{"Est. reading time":"2 minutes"},"schema":{"@context":"https:\/\/schema.org","@graph":[{"@type":"WebPage","@id":"https:\/\/islandman.no\/aktiviteter\/yoga\/","url":"https:\/\/islandman.no\/aktiviteter\/yoga\/","name":"Yoga - Islandman","isPartOf":{"@id":"https:\/\/islandman.no\/#website"},"primaryImageOfPage":{"@id":"https:\/\/islandman.no\/aktiviteter\/yoga\/#primaryimage"},"image":{"@id":"https:\/\/islandman.no\/aktiviteter\/yoga\/#primaryimage"},"thumbnailUrl":"https:\/\/islandman.no\/wp-content\/uploads\/2023\/01\/islandman.jpg","datePublished":"2022-11-25T07:26:23+00:00","dateModified":"2023-04-28T12:53:06+00:00","description":"Du trenger ikke \u00e5 ha trent yoga f\u00f8r, og vi stiller ingen krav til fysisk yteevne. Yogaformen gir et utall av \u00f8velser, og kan gi en avslappende effekt.","breadcrumb":{"@id":"https:\/\/islandman.no\/aktiviteter\/yoga\/#breadcrumb"},"inLanguage":"en-US","potentialAction":[{"@type":"ReadAction","target":["https:\/\/islandman.no\/aktiviteter\/yoga\/"]}]},{"@type":"ImageObject","inLanguage":"en-US","@id":"https:\/\/islandman.no\/aktiviteter\/yoga\/#primaryimage","url":"https:\/\/islandman.no\/wp-content\/uploads\/2023\/01\/islandman.jpg","contentUrl":"https:\/\/islandman.no\/wp-content\/uploads\/2023\/01\/islandman.jpg","width":2048,"height":1365},{"@type":"BreadcrumbList","@id":"https:\/\/islandman.no\/aktiviteter\/yoga\/#breadcrumb","itemListElement":[{"@type":"ListItem","position":1,"name":"Hjem","item":"https:\/\/islandman.no\/"},{"@type":"ListItem","position":2,"name":"Aktiviteter","item":"https:\/\/islandman.no\/aktiviteter\/"},{"@type":"ListItem","position":3,"name":"Yoga"}]},{"@type":"WebSite","@id":"https:\/\/islandman.no\/#website","url":"https:\/\/islandman.no\/","name":"Islandman","description":"Profesjonell yoga- og reiki instrukt\u00f8r","potentialAction":[{"@type":"SearchAction","target":{"@type":"EntryPoint","urlTemplate":"https:\/\/islandman.no\/?s={search_term_string}"},"query-input":{"@type":"PropertyValueSpecification","valueRequired":true,"valueName":"search_term_string"}}],"inLanguage":"en-US"}]}},"_links":{"self":[{"href":"https:\/\/islandman.no\/en\/wp-json\/wp\/v2\/pages\/24","targetHints":{"allow":["GET"]}}],"collection":[{"href":"https:\/\/islandman.no\/en\/wp-json\/wp\/v2\/pages"}],"about":[{"href":"https:\/\/islandman.no\/en\/wp-json\/wp\/v2\/types\/page"}],"author":[{"embeddable":true,"href":"https:\/\/islandman.no\/en\/wp-json\/wp\/v2\/users\/1"}],"replies":[{"embeddable":true,"href":"https:\/\/islandman.no\/en\/wp-json\/wp\/v2\/comments?post=24"}],"version-history":[{"count":0,"href":"https:\/\/islandman.no\/en\/wp-json\/wp\/v2\/pages\/24\/revisions"}],"up":[{"embeddable":true,"href":"https:\/\/islandman.no\/en\/wp-json\/wp\/v2\/pages\/20"}],"wp:featuredmedia":[{"embeddable":true,"href":"https:\/\/islandman.no\/en\/wp-json\/wp\/v2\/media\/822"}],"wp:attachment":[{"href":"https:\/\/islandman.no\/en\/wp-json\/wp\/v2\/media?parent=24"}],"curies":[{"name":"wp","href":"https:\/\/api.w.org\/{rel}","templated":true}]}}