{"id":25,"date":"2022-11-25T08:26:36","date_gmt":"2022-11-25T07:26:36","guid":{"rendered":"https:\/\/bergheim.hornmedia.no\/?page_id=25"},"modified":"2023-04-28T14:50:53","modified_gmt":"2023-04-28T12:50:53","slug":"reiki","status":"publish","type":"page","link":"https:\/\/islandman.no\/en\/activities\/reiki\/","title":{"rendered":"Reiki"},"content":{"rendered":"<div data-elementor-type=\"wp-page\" data-elementor-id=\"25\" class=\"elementor elementor-25\" data-elementor-post-type=\"page\">\n\t\t\t\t\t\t<section class=\"elementor-section elementor-top-section elementor-element elementor-element-2c9eb75 elementor-section-boxed elementor-section-height-default elementor-section-height-default\" data-id=\"2c9eb75\" data-element_type=\"section\" data-settings=\"{&quot;background_background&quot;:&quot;classic&quot;}\">\n\t\t\t\t\t\t\t<div class=\"elementor-background-overlay\"><\/div>\n\t\t\t\t\t\t\t<div class=\"elementor-container elementor-column-gap-default\">\n\t\t\t\t\t<div class=\"elementor-column elementor-col-100 elementor-top-column elementor-element elementor-element-75e8408\" data-id=\"75e8408\" data-element_type=\"column\">\n\t\t\t<div class=\"elementor-widget-wrap elementor-element-populated\">\n\t\t\t\t\t\t<div class=\"elementor-element elementor-element-fc2d994 animated-slow elementor-invisible elementor-widget elementor-widget-heading\" data-id=\"fc2d994\" data-element_type=\"widget\" data-settings=\"{&quot;_animation&quot;:&quot;fadeInDown&quot;}\" data-widget_type=\"heading.default\">\n\t\t\t\t<div class=\"elementor-widget-container\">\n\t\t\t\t\t<span class=\"elementor-heading-title elementor-size-default\">Our activities<\/span>\t\t\t\t<\/div>\n\t\t\t\t<\/div>\n\t\t\t\t<div class=\"elementor-element elementor-element-759ce9f elementor-invisible elementor-widget elementor-widget-heading\" data-id=\"759ce9f\" data-element_type=\"widget\" data-settings=\"{&quot;_animation&quot;:&quot;fadeInDown&quot;}\" data-widget_type=\"heading.default\">\n\t\t\t\t<div class=\"elementor-widget-container\">\n\t\t\t\t\t<h1 class=\"elementor-heading-title elementor-size-default\">Reiki<\/h1>\t\t\t\t<\/div>\n\t\t\t\t<\/div>\n\t\t\t\t\t<\/div>\n\t\t<\/div>\n\t\t\t\t\t<\/div>\n\t\t<\/section>\n\t\t\t\t<section class=\"elementor-section elementor-top-section elementor-element elementor-element-101ac1b elementor-section-content-middle elementor-section-boxed elementor-section-height-default elementor-section-height-default\" data-id=\"101ac1b\" data-element_type=\"section\" data-settings=\"{&quot;background_background&quot;:&quot;classic&quot;}\">\n\t\t\t\t\t\t\t<div class=\"elementor-background-overlay\"><\/div>\n\t\t\t\t\t\t\t<div class=\"elementor-container elementor-column-gap-default\">\n\t\t\t\t\t<div class=\"elementor-column elementor-col-66 elementor-top-column elementor-element elementor-element-6572319\" data-id=\"6572319\" data-element_type=\"column\">\n\t\t\t<div class=\"elementor-widget-wrap elementor-element-populated\">\n\t\t\t\t\t\t<div class=\"elementor-element elementor-element-f407050 elementor-widget elementor-widget-heading\" data-id=\"f407050\" data-element_type=\"widget\" data-widget_type=\"heading.default\">\n\t\t\t\t<div class=\"elementor-widget-container\">\n\t\t\t\t\t<h4 class=\"elementor-heading-title elementor-size-default\">Reiki Treatment<\/h4>\t\t\t\t<\/div>\n\t\t\t\t<\/div>\n\t\t\t\t<div class=\"elementor-element elementor-element-da47f29 elementor-widget elementor-widget-text-editor\" data-id=\"da47f29\" data-element_type=\"widget\" data-widget_type=\"text-editor.default\">\n\t\t\t\t<div class=\"elementor-widget-container\">\n\t\t\t\t\t\t\t\t\t<p><span style=\"font-weight: 400;\">I practice traditional Usui Reiki. I also have good natural energy, and I use channeling. I give 1 on 1 treatments, when possible, but often distance treatments. All my customers have different experiences during a session, so it`s impossible to suggest the experience or the outcome for you or anyone else.\u00a0<\/span><\/p><p><span style=\"font-weight: 400;\">I got my Reiki education from a Norwegian well reputed Reiki Master. I also have some other smaller studies and courses. I took a course on working as a medium last summer, a great help to understand the spiritual world. I also try to keep an open mind, and to network with a variety of spiritual workers.\u00a0<\/span><\/p><p><span style=\"font-weight: 400;\">As you may have noticed, there`s no \u201cprice list\u201d on this page. The investment in a Reiki Session is a part of the total energy exchange between the Reiki practitioner and the client. It is a private matter between the two.  I have a \u201cmoney-back-guarantee\u201d, so if you feel that the session was a waste of time and money, you just tell me.\u00a0<\/span><\/p><p><span style=\"font-weight: 400;\">As for all kinds of treatments, sports and so on. If you are under medical treatment, medication or you`re just in doubt about having a Reiki treatment, ask your doctor of device on forehand.<\/span><\/p><p><span style=\"font-weight: 400;\">At last, some sentences from communication with one of my clients, before and after a distance session:<\/span><\/p>\t\t\t\t\t\t\t\t<\/div>\n\t\t\t\t<\/div>\n\t\t\t\t<section class=\"elementor-section elementor-inner-section elementor-element elementor-element-e4b9fd0 elementor-section-boxed elementor-section-height-default elementor-section-height-default\" data-id=\"e4b9fd0\" data-element_type=\"section\">\n\t\t\t\t\t\t<div class=\"elementor-container elementor-column-gap-default\">\n\t\t\t\t\t<div class=\"elementor-column elementor-col-50 elementor-inner-column elementor-element elementor-element-4618995\" data-id=\"4618995\" data-element_type=\"column\">\n\t\t\t<div class=\"elementor-widget-wrap elementor-element-populated\">\n\t\t\t\t\t\t<div class=\"elementor-element elementor-element-b6cb06d elementor-blockquote--skin-quotation elementor-widget elementor-widget-blockquote\" data-id=\"b6cb06d\" data-element_type=\"widget\" data-widget_type=\"blockquote.default\">\n\t\t\t\t<div class=\"elementor-widget-container\">\n\t\t\t\t\t\t\t<blockquote class=\"elementor-blockquote\">\n\t\t\t<p class=\"elementor-blockquote__content\">\n\t\t\t\t\u201cHello! I suffer from bad headaches these days. Could you give me a distance healing?\u201d\t\t\t<\/p>\n\t\t\t\t\t\t\t<div class=\"e-q-footer\">\n\t\t\t\t\t\t\t\t\t\t\t<cite class=\"elementor-blockquote__author\">F\u00f8r behandling<\/cite>\n\t\t\t\t\t\t\t\t\t\t\t\t\t\t<\/div>\n\t\t\t\t\t<\/blockquote>\n\t\t\t\t\t\t<\/div>\n\t\t\t\t<\/div>\n\t\t\t\t\t<\/div>\n\t\t<\/div>\n\t\t\t\t<div class=\"elementor-column elementor-col-50 elementor-inner-column elementor-element elementor-element-745ca8e\" data-id=\"745ca8e\" data-element_type=\"column\">\n\t\t\t<div class=\"elementor-widget-wrap elementor-element-populated\">\n\t\t\t\t\t\t<div class=\"elementor-element elementor-element-33f6442 elementor-blockquote--skin-quotation elementor-widget elementor-widget-blockquote\" data-id=\"33f6442\" data-element_type=\"widget\" data-widget_type=\"blockquote.default\">\n\t\t\t\t<div class=\"elementor-widget-container\">\n\t\t\t\t\t\t\t<blockquote class=\"elementor-blockquote\">\n\t\t\t<p class=\"elementor-blockquote__content\">\n\t\t\t\t\u201cThank you for the healing session. I Haven`t had headaches today, and I really appreciate this, and you. A thousand thanks.\u201d\t\t\t<\/p>\n\t\t\t\t\t\t\t<div class=\"e-q-footer\">\n\t\t\t\t\t\t\t\t\t\t\t<cite class=\"elementor-blockquote__author\">Etter behandling<\/cite>\n\t\t\t\t\t\t\t\t\t\t\t\t\t\t<\/div>\n\t\t\t\t\t<\/blockquote>\n\t\t\t\t\t\t<\/div>\n\t\t\t\t<\/div>\n\t\t\t\t\t<\/div>\n\t\t<\/div>\n\t\t\t\t\t<\/div>\n\t\t<\/section>\n\t\t\t\t\t<\/div>\n\t\t<\/div>\n\t\t\t\t<div class=\"elementor-column elementor-col-33 elementor-top-column elementor-element elementor-element-c428272\" data-id=\"c428272\" data-element_type=\"column\">\n\t\t\t<div class=\"elementor-widget-wrap elementor-element-populated\">\n\t\t\t\t\t\t<section class=\"elementor-section elementor-inner-section elementor-element elementor-element-69a3144 elementor-section-boxed elementor-section-height-default elementor-section-height-default\" data-id=\"69a3144\" data-element_type=\"section\">\n\t\t\t\t\t\t<div class=\"elementor-container elementor-column-gap-default\">\n\t\t\t\t\t<div class=\"elementor-column elementor-col-100 elementor-inner-column elementor-element elementor-element-ca9c80c\" data-id=\"ca9c80c\" data-element_type=\"column\" data-settings=\"{&quot;background_background&quot;:&quot;classic&quot;}\">\n\t\t\t<div class=\"elementor-widget-wrap elementor-element-populated\">\n\t\t\t\t\t\t<div class=\"elementor-element elementor-element-8856d05 elementor-widget elementor-widget-heading\" data-id=\"8856d05\" data-element_type=\"widget\" data-widget_type=\"heading.default\">\n\t\t\t\t<div class=\"elementor-widget-container\">\n\t\t\t\t\t<h4 class=\"elementor-heading-title elementor-size-default\">Detaljer<\/h4>\t\t\t\t<\/div>\n\t\t\t\t<\/div>\n\t\t\t\t<div class=\"elementor-element elementor-element-570d6c2 elementor-widget-divider--view-line elementor-widget elementor-widget-divider\" data-id=\"570d6c2\" data-element_type=\"widget\" data-widget_type=\"divider.default\">\n\t\t\t\t<div class=\"elementor-widget-container\">\n\t\t\t\t\t\t\t<div class=\"elementor-divider\">\n\t\t\t<span class=\"elementor-divider-separator\">\n\t\t\t\t\t\t<\/span>\n\t\t<\/div>\n\t\t\t\t\t\t<\/div>\n\t\t\t\t<\/div>\n\t\t\t\t<div class=\"elementor-element elementor-element-15e9079 elementor-icon-list--layout-traditional elementor-list-item-link-full_width elementor-widget elementor-widget-icon-list\" data-id=\"15e9079\" data-element_type=\"widget\" data-widget_type=\"icon-list.default\">\n\t\t\t\t<div class=\"elementor-widget-container\">\n\t\t\t\t\t\t\t<ul class=\"elementor-icon-list-items\">\n\t\t\t\t\t\t\t<li class=\"elementor-icon-list-item\">\n\t\t\t\t\t\t\t\t\t\t\t<span class=\"elementor-icon-list-icon\">\n\t\t\t\t\t\t\t<i aria-hidden=\"true\" class=\"far fa-list-alt\"><\/i>\t\t\t\t\t\t<\/span>\n\t\t\t\t\t\t\t\t\t\t<span class=\"elementor-icon-list-text\">Suits everyone<\/span>\n\t\t\t\t\t\t\t\t\t<\/li>\n\t\t\t\t\t\t\t\t<li class=\"elementor-icon-list-item\">\n\t\t\t\t\t\t\t\t\t\t\t<span class=\"elementor-icon-list-icon\">\n\t\t\t\t\t\t\t<i aria-hidden=\"true\" class=\"far fa-calendar-check\"><\/i>\t\t\t\t\t\t<\/span>\n\t\t\t\t\t\t\t\t\t\t<span class=\"elementor-icon-list-text\">Appointment based<\/span>\n\t\t\t\t\t\t\t\t\t<\/li>\n\t\t\t\t\t\t\t\t<li class=\"elementor-icon-list-item\">\n\t\t\t\t\t\t\t\t\t\t\t<span class=\"elementor-icon-list-icon\">\n\t\t\t\t\t\t\t<i aria-hidden=\"true\" class=\"far fa-clock\"><\/i>\t\t\t\t\t\t<\/span>\n\t\t\t\t\t\t\t\t\t\t<span class=\"elementor-icon-list-text\">1 hour<\/span>\n\t\t\t\t\t\t\t\t\t<\/li>\n\t\t\t\t\t\t\t\t<li class=\"elementor-icon-list-item\">\n\t\t\t\t\t\t\t\t\t\t\t<span class=\"elementor-icon-list-icon\">\n\t\t\t\t\t\t\t<i aria-hidden=\"true\" class=\"fas fa-video\"><\/i>\t\t\t\t\t\t<\/span>\n\t\t\t\t\t\t\t\t\t\t<span class=\"elementor-icon-list-text\">N\/A<\/span>\n\t\t\t\t\t\t\t\t\t<\/li>\n\t\t\t\t\t\t<\/ul>\n\t\t\t\t\t\t<\/div>\n\t\t\t\t<\/div>\n\t\t\t\t\t<\/div>\n\t\t<\/div>\n\t\t\t\t\t<\/div>\n\t\t<\/section>\n\t\t\t\t<div class=\"elementor-element elementor-element-bbd851f elementor-align-justify elementor-widget elementor-widget-button\" data-id=\"bbd851f\" data-element_type=\"widget\" data-widget_type=\"button.default\">\n\t\t\t\t<div class=\"elementor-widget-container\">\n\t\t\t\t\t\t\t\t\t<div class=\"elementor-button-wrapper\">\n\t\t\t\t\t<a class=\"elementor-button elementor-button-link elementor-size-sm\" href=\"\/en\/contact\/\">\n\t\t\t\t\t\t<span class=\"elementor-button-content-wrapper\">\n\t\t\t\t\t\t\t\t\t<span class=\"elementor-button-text\">Contact us<\/span>\n\t\t\t\t\t<\/span>\n\t\t\t\t\t<\/a>\n\t\t\t\t<\/div>\n\t\t\t\t\t\t\t\t<\/div>\n\t\t\t\t<\/div>\n\t\t\t\t\t<\/div>\n\t\t<\/div>\n\t\t\t\t\t<\/div>\n\t\t<\/section>\n\t\t\t\t<section class=\"elementor-section elementor-top-section elementor-element elementor-element-428b85b elementor-section-boxed elementor-section-height-default elementor-section-height-default\" data-id=\"428b85b\" data-element_type=\"section\" data-settings=\"{&quot;background_background&quot;:&quot;classic&quot;}\">\n\t\t\t\t\t\t<div class=\"elementor-container elementor-column-gap-default\">\n\t\t\t\t\t<div class=\"elementor-column elementor-col-100 elementor-top-column elementor-element elementor-element-402fc4d\" data-id=\"402fc4d\" data-element_type=\"column\">\n\t\t\t<div class=\"elementor-widget-wrap elementor-element-populated\">\n\t\t\t\t\t\t<section class=\"elementor-section elementor-inner-section elementor-element elementor-element-1073642 elementor-section-boxed elementor-section-height-default elementor-section-height-default elementor-invisible\" data-id=\"1073642\" data-element_type=\"section\" data-settings=\"{&quot;animation&quot;:&quot;fadeInUp&quot;}\">\n\t\t\t\t\t\t<div class=\"elementor-container elementor-column-gap-default\">\n\t\t\t\t\t<div class=\"elementor-column elementor-col-100 elementor-inner-column elementor-element elementor-element-9b51cf9\" data-id=\"9b51cf9\" data-element_type=\"column\" data-settings=\"{&quot;background_background&quot;:&quot;classic&quot;}\">\n\t\t\t<div class=\"elementor-widget-wrap elementor-element-populated\">\n\t\t\t\t\t<div class=\"elementor-background-overlay\"><\/div>\n\t\t\t\t\t\t<div class=\"elementor-element elementor-element-53e5f5b elementor-widget elementor-widget-heading\" data-id=\"53e5f5b\" data-element_type=\"widget\" data-widget_type=\"heading.default\">\n\t\t\t\t<div class=\"elementor-widget-container\">\n\t\t\t\t\t<h2 class=\"elementor-heading-title elementor-size-default\">Inner peace and wellbeing<\/h2>\t\t\t\t<\/div>\n\t\t\t\t<\/div>\n\t\t\t\t<div class=\"elementor-element elementor-element-f0ada67 elementor-widget elementor-widget-text-editor\" data-id=\"f0ada67\" data-element_type=\"widget\" data-widget_type=\"text-editor.default\">\n\t\t\t\t<div class=\"elementor-widget-container\">\n\t\t\t\t\t\t\t\t\t<div dir=\"auto\">We are on a beautiful life journey, and we invite you to join us.\u00a0<\/div><div dir=\"auto\">With a broad social experience, and qualified Yoga- and Reiki education, we are at your service.\u00a0<\/div><div dir=\"auto\">\u00a0<\/div><div dir=\"auto\">Life is beautiful right here and now. Are we able to activate our inner energy, to set into motion our  inner power?\u00a0<\/div>\t\t\t\t\t\t\t\t<\/div>\n\t\t\t\t<\/div>\n\t\t\t\t<div class=\"elementor-element elementor-element-0c04c35 elementor-align-center elementor-widget elementor-widget-button\" data-id=\"0c04c35\" data-element_type=\"widget\" data-widget_type=\"button.default\">\n\t\t\t\t<div class=\"elementor-widget-container\">\n\t\t\t\t\t\t\t\t\t<div class=\"elementor-button-wrapper\">\n\t\t\t\t\t<a class=\"elementor-button elementor-button-link elementor-size-md\" href=\"\/en\/contact\/\">\n\t\t\t\t\t\t<span class=\"elementor-button-content-wrapper\">\n\t\t\t\t\t\t<span class=\"elementor-button-icon\">\n\t\t\t\t<i aria-hidden=\"true\" class=\"fas fa-chevron-right\"><\/i>\t\t\t<\/span>\n\t\t\t\t\t\t\t\t\t<span class=\"elementor-button-text\">Contact us<\/span>\n\t\t\t\t\t<\/span>\n\t\t\t\t\t<\/a>\n\t\t\t\t<\/div>\n\t\t\t\t\t\t\t\t<\/div>\n\t\t\t\t<\/div>\n\t\t\t\t\t<\/div>\n\t\t<\/div>\n\t\t\t\t\t<\/div>\n\t\t<\/section>\n\t\t\t\t\t<\/div>\n\t\t<\/div>\n\t\t\t\t\t<\/div>\n\t\t<\/section>\n\t\t\t\t<\/div>","protected":false},"excerpt":{"rendered":"<p>V\u00e5re aktiviteter Reiki Reiki behandling Jeg praktiserer tradisjonell Usui Reiki. Jeg har gode naturlige energier, og jeg bruker kanalisering under utf\u00f8relsen. Jeg gir 1 til 1 behandlinger n\u00e5r det er mulig, men ofte distanse behandlinger. Alle mine klienter har forskjellig opplevelse av behandlingen, s\u00e5 det er egentlig umulig \u00e5 beskrive hvordan den vil arte seg [&hellip;]<\/p>","protected":false},"author":1,"featured_media":822,"parent":20,"menu_order":0,"comment_status":"closed","ping_status":"closed","template":"elementor_header_footer","meta":{"footnotes":""},"class_list":["post-25","page","type-page","status-publish","has-post-thumbnail","hentry","entry","has-media"],"yoast_head":"<!-- This site is optimized with the Yoast SEO plugin v26.0 - https:\/\/yoast.com\/wordpress\/plugins\/seo\/ -->\n<title>Reiki - Islandman<\/title>\n<meta name=\"description\" content=\"Reikibehandlingen foreg\u00e5r mest mulig etter tradisjonell Mikao Usui metode, og kan lette stress, angst og uro i kroppen.\" \/>\n<meta name=\"robots\" content=\"index, follow, max-snippet:-1, max-image-preview:large, max-video-preview:-1\" \/>\n<link rel=\"canonical\" href=\"https:\/\/islandman.no\/en\/activities\/reiki\/\" \/>\n<meta property=\"og:locale\" content=\"en_US\" \/>\n<meta property=\"og:type\" content=\"article\" \/>\n<meta property=\"og:title\" content=\"Reiki - Islandman\" \/>\n<meta property=\"og:description\" content=\"Reikibehandlingen foreg\u00e5r mest mulig etter tradisjonell Mikao Usui metode, og kan lette stress, angst og uro i kroppen.\" \/>\n<meta property=\"og:url\" content=\"https:\/\/islandman.no\/en\/activities\/reiki\/\" \/>\n<meta property=\"og:site_name\" content=\"Islandman\" \/>\n<meta property=\"article:modified_time\" content=\"2023-04-28T12:50:53+00:00\" \/>\n<meta property=\"og:image\" content=\"https:\/\/islandman.no\/wp-content\/uploads\/2023\/01\/islandman.jpg\" \/>\n\t<meta property=\"og:image:width\" content=\"2048\" \/>\n\t<meta property=\"og:image:height\" content=\"1365\" \/>\n\t<meta property=\"og:image:type\" content=\"image\/jpeg\" \/>\n<meta name=\"twitter:card\" content=\"summary_large_image\" \/>\n<meta name=\"twitter:title\" content=\"Reiki - Islandman\" \/>\n<meta name=\"twitter:description\" content=\"Reikibehandlingen foreg\u00e5r mest mulig etter tradisjonell Mikao Usui metode, og kan lette stress, angst og uro i kroppen.\" \/>\n<meta name=\"twitter:image\" content=\"https:\/\/islandman.no\/wp-content\/uploads\/2023\/01\/islandman.jpg\" \/>\n<meta name=\"twitter:label1\" content=\"Est. reading time\" \/>\n\t<meta name=\"twitter:data1\" content=\"2 minutes\" \/>\n<script type=\"application\/ld+json\" class=\"yoast-schema-graph\">{\"@context\":\"https:\/\/schema.org\",\"@graph\":[{\"@type\":\"WebPage\",\"@id\":\"https:\/\/islandman.no\/aktiviteter\/reiki\/\",\"url\":\"https:\/\/islandman.no\/aktiviteter\/reiki\/\",\"name\":\"Reiki - Islandman\",\"isPartOf\":{\"@id\":\"https:\/\/islandman.no\/#website\"},\"primaryImageOfPage\":{\"@id\":\"https:\/\/islandman.no\/aktiviteter\/reiki\/#primaryimage\"},\"image\":{\"@id\":\"https:\/\/islandman.no\/aktiviteter\/reiki\/#primaryimage\"},\"thumbnailUrl\":\"https:\/\/islandman.no\/wp-content\/uploads\/2023\/01\/islandman.jpg\",\"datePublished\":\"2022-11-25T07:26:36+00:00\",\"dateModified\":\"2023-04-28T12:50:53+00:00\",\"description\":\"Reikibehandlingen foreg\u00e5r mest mulig etter tradisjonell Mikao Usui metode, og kan lette stress, angst og uro i kroppen.\",\"breadcrumb\":{\"@id\":\"https:\/\/islandman.no\/aktiviteter\/reiki\/#breadcrumb\"},\"inLanguage\":\"en-US\",\"potentialAction\":[{\"@type\":\"ReadAction\",\"target\":[\"https:\/\/islandman.no\/aktiviteter\/reiki\/\"]}]},{\"@type\":\"ImageObject\",\"inLanguage\":\"en-US\",\"@id\":\"https:\/\/islandman.no\/aktiviteter\/reiki\/#primaryimage\",\"url\":\"https:\/\/islandman.no\/wp-content\/uploads\/2023\/01\/islandman.jpg\",\"contentUrl\":\"https:\/\/islandman.no\/wp-content\/uploads\/2023\/01\/islandman.jpg\",\"width\":2048,\"height\":1365},{\"@type\":\"BreadcrumbList\",\"@id\":\"https:\/\/islandman.no\/aktiviteter\/reiki\/#breadcrumb\",\"itemListElement\":[{\"@type\":\"ListItem\",\"position\":1,\"name\":\"Hjem\",\"item\":\"https:\/\/islandman.no\/\"},{\"@type\":\"ListItem\",\"position\":2,\"name\":\"Aktiviteter\",\"item\":\"https:\/\/islandman.no\/aktiviteter\/\"},{\"@type\":\"ListItem\",\"position\":3,\"name\":\"Reiki\"}]},{\"@type\":\"WebSite\",\"@id\":\"https:\/\/islandman.no\/#website\",\"url\":\"https:\/\/islandman.no\/\",\"name\":\"Islandman\",\"description\":\"Profesjonell yoga- og reiki instrukt\u00f8r\",\"potentialAction\":[{\"@type\":\"SearchAction\",\"target\":{\"@type\":\"EntryPoint\",\"urlTemplate\":\"https:\/\/islandman.no\/?s={search_term_string}\"},\"query-input\":{\"@type\":\"PropertyValueSpecification\",\"valueRequired\":true,\"valueName\":\"search_term_string\"}}],\"inLanguage\":\"en-US\"}]}<\/script>\n<!-- \/ Yoast SEO plugin. -->","yoast_head_json":{"title":"Reiki - Islandman","description":"Reikibehandlingen foreg\u00e5r mest mulig etter tradisjonell Mikao Usui metode, og kan lette stress, angst og uro i kroppen.","robots":{"index":"index","follow":"follow","max-snippet":"max-snippet:-1","max-image-preview":"max-image-preview:large","max-video-preview":"max-video-preview:-1"},"canonical":"https:\/\/islandman.no\/en\/activities\/reiki\/","og_locale":"en_US","og_type":"article","og_title":"Reiki - Islandman","og_description":"Reikibehandlingen foreg\u00e5r mest mulig etter tradisjonell Mikao Usui metode, og kan lette stress, angst og uro i kroppen.","og_url":"https:\/\/islandman.no\/en\/activities\/reiki\/","og_site_name":"Islandman","article_modified_time":"2023-04-28T12:50:53+00:00","og_image":[{"width":2048,"height":1365,"url":"https:\/\/islandman.no\/wp-content\/uploads\/2023\/01\/islandman.jpg","type":"image\/jpeg"}],"twitter_card":"summary_large_image","twitter_title":"Reiki - Islandman","twitter_description":"Reikibehandlingen foreg\u00e5r mest mulig etter tradisjonell Mikao Usui metode, og kan lette stress, angst og uro i kroppen.","twitter_image":"https:\/\/islandman.no\/wp-content\/uploads\/2023\/01\/islandman.jpg","twitter_misc":{"Est. reading time":"2 minutes"},"schema":{"@context":"https:\/\/schema.org","@graph":[{"@type":"WebPage","@id":"https:\/\/islandman.no\/aktiviteter\/reiki\/","url":"https:\/\/islandman.no\/aktiviteter\/reiki\/","name":"Reiki - Islandman","isPartOf":{"@id":"https:\/\/islandman.no\/#website"},"primaryImageOfPage":{"@id":"https:\/\/islandman.no\/aktiviteter\/reiki\/#primaryimage"},"image":{"@id":"https:\/\/islandman.no\/aktiviteter\/reiki\/#primaryimage"},"thumbnailUrl":"https:\/\/islandman.no\/wp-content\/uploads\/2023\/01\/islandman.jpg","datePublished":"2022-11-25T07:26:36+00:00","dateModified":"2023-04-28T12:50:53+00:00","description":"Reikibehandlingen foreg\u00e5r mest mulig etter tradisjonell Mikao Usui metode, og kan lette stress, angst og uro i kroppen.","breadcrumb":{"@id":"https:\/\/islandman.no\/aktiviteter\/reiki\/#breadcrumb"},"inLanguage":"en-US","potentialAction":[{"@type":"ReadAction","target":["https:\/\/islandman.no\/aktiviteter\/reiki\/"]}]},{"@type":"ImageObject","inLanguage":"en-US","@id":"https:\/\/islandman.no\/aktiviteter\/reiki\/#primaryimage","url":"https:\/\/islandman.no\/wp-content\/uploads\/2023\/01\/islandman.jpg","contentUrl":"https:\/\/islandman.no\/wp-content\/uploads\/2023\/01\/islandman.jpg","width":2048,"height":1365},{"@type":"BreadcrumbList","@id":"https:\/\/islandman.no\/aktiviteter\/reiki\/#breadcrumb","itemListElement":[{"@type":"ListItem","position":1,"name":"Hjem","item":"https:\/\/islandman.no\/"},{"@type":"ListItem","position":2,"name":"Aktiviteter","item":"https:\/\/islandman.no\/aktiviteter\/"},{"@type":"ListItem","position":3,"name":"Reiki"}]},{"@type":"WebSite","@id":"https:\/\/islandman.no\/#website","url":"https:\/\/islandman.no\/","name":"Islandman","description":"Profesjonell yoga- og reiki instrukt\u00f8r","potentialAction":[{"@type":"SearchAction","target":{"@type":"EntryPoint","urlTemplate":"https:\/\/islandman.no\/?s={search_term_string}"},"query-input":{"@type":"PropertyValueSpecification","valueRequired":true,"valueName":"search_term_string"}}],"inLanguage":"en-US"}]}},"_links":{"self":[{"href":"https:\/\/islandman.no\/en\/wp-json\/wp\/v2\/pages\/25","targetHints":{"allow":["GET"]}}],"collection":[{"href":"https:\/\/islandman.no\/en\/wp-json\/wp\/v2\/pages"}],"about":[{"href":"https:\/\/islandman.no\/en\/wp-json\/wp\/v2\/types\/page"}],"author":[{"embeddable":true,"href":"https:\/\/islandman.no\/en\/wp-json\/wp\/v2\/users\/1"}],"replies":[{"embeddable":true,"href":"https:\/\/islandman.no\/en\/wp-json\/wp\/v2\/comments?post=25"}],"version-history":[{"count":0,"href":"https:\/\/islandman.no\/en\/wp-json\/wp\/v2\/pages\/25\/revisions"}],"up":[{"embeddable":true,"href":"https:\/\/islandman.no\/en\/wp-json\/wp\/v2\/pages\/20"}],"wp:featuredmedia":[{"embeddable":true,"href":"https:\/\/islandman.no\/en\/wp-json\/wp\/v2\/media\/822"}],"wp:attachment":[{"href":"https:\/\/islandman.no\/en\/wp-json\/wp\/v2\/media?parent=25"}],"curies":[{"name":"wp","href":"https:\/\/api.w.org\/{rel}","templated":true}]}}