{"id":979,"date":"2023-01-17T09:13:28","date_gmt":"2023-01-17T08:13:28","guid":{"rendered":"https:\/\/islandman.no\/?page_id=979"},"modified":"2023-01-17T09:19:04","modified_gmt":"2023-01-17T08:19:04","slug":"personvern","status":"publish","type":"page","link":"https:\/\/islandman.no\/en\/personvern\/","title":{"rendered":"Privacy Policy"},"content":{"rendered":"<div data-elementor-type=\"wp-page\" data-elementor-id=\"979\" class=\"elementor elementor-979\" data-elementor-post-type=\"page\">\n\t\t\t\t\t\t<section class=\"elementor-section elementor-top-section elementor-element elementor-element-cbbffde elementor-section-boxed elementor-section-height-default elementor-section-height-default\" data-id=\"cbbffde\" data-element_type=\"section\" data-settings=\"{&quot;background_background&quot;:&quot;classic&quot;}\">\n\t\t\t\t\t\t\t<div class=\"elementor-background-overlay\"><\/div>\n\t\t\t\t\t\t\t<div class=\"elementor-container elementor-column-gap-default\">\n\t\t\t\t\t<div class=\"elementor-column elementor-col-100 elementor-top-column elementor-element elementor-element-26db523\" data-id=\"26db523\" data-element_type=\"column\">\n\t\t\t<div class=\"elementor-widget-wrap elementor-element-populated\">\n\t\t\t\t\t\t<div class=\"elementor-element elementor-element-80623ed elementor-invisible elementor-widget elementor-widget-heading\" data-id=\"80623ed\" data-element_type=\"widget\" data-settings=\"{&quot;_animation&quot;:&quot;fadeInDown&quot;}\" data-widget_type=\"heading.default\">\n\t\t\t\t<div class=\"elementor-widget-container\">\n\t\t\t\t\t<h1 class=\"elementor-heading-title elementor-size-default\">Privacy Policy<\/h1>\t\t\t\t<\/div>\n\t\t\t\t<\/div>\n\t\t\t\t\t<\/div>\n\t\t<\/div>\n\t\t\t\t\t<\/div>\n\t\t<\/section>\n\t\t\t\t<section class=\"elementor-section elementor-top-section elementor-element elementor-element-1423f482 elementor-section-boxed elementor-section-height-default elementor-section-height-default\" data-id=\"1423f482\" data-element_type=\"section\">\n\t\t\t\t\t\t<div class=\"elementor-container elementor-column-gap-default\">\n\t\t\t\t\t<div class=\"elementor-column elementor-col-100 elementor-top-column elementor-element elementor-element-44055098\" data-id=\"44055098\" data-element_type=\"column\">\n\t\t\t<div class=\"elementor-widget-wrap elementor-element-populated\">\n\t\t\t\t\t\t<div class=\"elementor-element elementor-element-3ba79ebe elementor-widget elementor-widget-text-editor\" data-id=\"3ba79ebe\" data-element_type=\"widget\" data-widget_type=\"text-editor.default\">\n\t\t\t\t<div class=\"elementor-widget-container\">\n\t\t\t\t\t\t\t\t\t\n<h2 class=\"personvern wp-block-heading\"><strong>Personvernerkl\u00e6ring for Islandman og www.islandman.no<\/strong><\/h2>\n\n\n\n<p>Denne personvernerkl\u00e6ringen beskriver hva slags personopplysninger Islandman samler inn og hvordan disse personopplysningene behandles.<\/p>\n\n\n\n<p>Islandman forholder seg til den norske personopplysningsloven. Denne personvernerkl\u00e6ringen er laget etter kravene i personopplysningsloven \u00a7\u00a7 18 og 19.<\/p>\n\n\n\n<h2 class=\"personvern wp-block-heading\"><strong>Hva er personopplysninger<\/strong><\/h2>\n\n\n\n<p>Personopplysninger er informasjon om den enkelte person. Dette kan v\u00e6re personens navn, adresse, arbeidssted, sivilstatus, telefonnummer, e-post adresse osv. Informasjon om din kontakt, kontakt\u00e5rsak og kontaktform med Islandman kan ogs\u00e5 forst\u00e5s som personopplysninger.<\/p>\n\n\n\n<p>Sensitive personopplysninger samles verken inn eller brukes av Islandman. Dette er personopplysninger som siktelser, straffbare handlinger, helse og lignende.<\/p>\n\n\n\n<p>\u00d8nsker du mer info om personopplysninger generelt kan https:\/\/www.datatilsynet.no\/om-personvern\/personopplysninger\/ bes\u00f8kes.<\/p>\n\n\n\n<h2 class=\"personvern wp-block-heading\"><strong>Hvem er behandlingsansvarlig for dine personopplysninger hos Islandman<\/strong><\/h2>\n\n\n\n<p>Islandmans egen Office Manager er ansvarlig for virksomhetens behandling av personopplysninger. Ved eventuell framtidig delegering er det kun delegering av oppgavene som skjer, ansvaret for personopplysningene hviler uansett alltid p\u00e5 Islandman.<\/p>\n\n\n\n<h2 class=\"personvern wp-block-heading\"><strong>Personopplysninger Islandman mottar<\/strong><\/h2>\n\n\n\n<p>Islandman har 2 kilder til personopplysninger som begge bygger p\u00e5 \u00a7 8 i personopplysningsloven.<\/p>\n\n\n\n<p>Hovedkilden for personopplysninger er opplysninger du selv oppgir. Dette skjer i all hovedsak gjennom kontaktskjemaet p\u00e5 Islandman sin nettside. Kontaktskjemaet fungerer som m\u00f8teplassen mellom potensielle\/eksisterende kunder og Islandman. Det er helt frivillig om du \u00f8nsker \u00e5 fylle ut et slikt skjema eller bare forbli passiv bes\u00f8kende p\u00e5 siden. Personopplysninger som samles inn via kontaktskjemaet er telefon, email og navn.<\/p>\n\n\n\n<p>I etterkant av kontaktskjemaet kan ytterligere personinformasjon bli generert gjennom e-mail, telefon og lignende korrespondanse mellom Islandman og deg som en potensiell\/eksisterende kunde.<\/p>\n\n\n\n<p>En annen kilde til personopplysninger er opplysninger Islandman selv samler inn. Innsamlingen skjer gjennom Google Analytics. Den fanger opp hvor lenge du er p\u00e5 siden, IP-adresse, hvem linker du trykker og antall brukere p\u00e5 siden til ulike tider for \u00e5 nevne noe.<\/p>\n\n\n\n<h2 class=\"personvern wp-block-heading\"><strong>Hvordan Islandman bruker personopplysningene<\/strong><\/h2>\n\n\n\n<p>Form\u00e5let med kontaktskjemaet og etterf\u00f8lgende korrespondanse er \u00e5 f\u00f8lge opp foresp\u00f8rsler og forpliktelser ovenfor kundene. Islandman er en avhengig av en slik \u00e5pen plattform mellom seg og sine kunder for \u00e5 sikre en tilfredsstillende kommunikasjon og sluttprodukt.<\/p>\n\n\n\n<p>Form\u00e5let med Informasjonen fra Google Analytics er \u00e5 bedre nettside opplevelsen. Dette kan for eksempel v\u00e6re \u00e5 gj\u00f8re layoutene mer brukervennlig, forst\u00e5 bruker trender, effektivisere og levere tjenestene som forventes p\u00e5 en bedre m\u00e5te og hindre kriminell adferd som hacking.<\/p>\n\n\n\n<p>Det rettslige grunnlaget for Islandman sin behandling av personopplysningene er personopplysningsloven \u00a7 11.<\/p>\n\n\n\n<h2 class=\"personvern wp-block-heading\"><strong>Hvordan administrere egne personopplysninger<\/strong><\/h2>\n\n\n\n<p>Den begrensede mengden personopplysninger Islandman samler inn via deg og p\u00e5 egent initiativ er sammenlignet med andre akt\u00f8rer og andre nettjenester sv\u00e6rt marginal. Dette har gjort at noe egen administrering av personopplysningene som for eksempel innstillinger i bruker apper og innstilinger i personalisert reklame ikke er aktuell hos oss. Personopplysningene innsamlet, brukes som nevnt ikke til slike form\u00e5l.<\/p>\n\n\n\n<p>Du har likevel alltid rettigheter knyttet til personopplysningene som du kan lese mer om nedenfor.<\/p>\n\n\n\n<h2 class=\"personvern wp-block-heading\"><strong>Informasjons deling med tredjeparter<\/strong><\/h2>\n\n\n\n<p>Islandman deler ikke noe personinformasjon fra kontaktskjemaet, egne innsamlinger eller informasjon fra andre med noen tredjepart. Skulle slik utdeling likevel skje, vil du alltid f\u00e5 samtykke foresp\u00f8rsel fra oss.<\/p>\n\n\n\n<h2 class=\"personvern wp-block-heading\"><strong>Sikker arkivering, sletting og internkontroll<\/strong><\/h2>\n\n\n\n<p>I takt med personopplysningsloven \u00a7 13 vil alle personopplysninger Islandman mottar bli arkivert p\u00e5 enten en sikker e-post eller server s\u00e5 lenge arbeidsforholdet mellom deg og Islandman p\u00e5g\u00e5r. Ved opph\u00f8r i arbeidsforhold vil all kommunikasjon og personopplysninger slettes innen 2 \u00e5r.<\/p>\n\n\n\n<p>Islandman har en internkontroll p\u00e5 slik arkivering, sikkerhet og sletting foreg\u00e5r etter m\u00e5l og i hold med rettslige standarder.<\/p>\n\n\n\n<h2 class=\"personvern wp-block-heading\"><strong>Rettigheter<\/strong><\/h2>\n\n\n\n<p>Av personopplysningsloven har du som bruker eller kunde av Islandman rett til \u00e5 bli glemt, rett til dataportabilitet, rett til innsyn, og rett mot \u00e5 bli profilert.<\/p>\n\n\n\n<p>Retten til \u00e5 bli glemt betyr at all personopplysninger registrert hos Islandman kan bes slettes. Dersom dette ikke bes om vil Islandman uansett slette det meste av personopplysninger 2 \u00e5r etter endt kontakt.<\/p>\n\n\n\n<p>Rett til dataportabilitet tilsier at du kan f\u00e5 en digital kopi av alle personopplysninger Islandman har om deg. Denne retten inneb\u00e6rer ogs\u00e5 at du kan ta med disse personopplysningene til en annen virksomhet hvis det er teknisk mulig og forsvarlig. Personopplysninger som omfattes av dataportabilitet er personopplysninger gitt Islandman, som gjennom kontaktskjemaet, eller automatiserte personopplysninger generert gjennom bruk av Islandman sine tjenester.<\/p>\n\n\n\n<p>Rett til innsyn inneb\u00e6rer at du har rett til \u00e5 se hvilke opplysninger Islandman har registrert om deg.<\/p>\n\n\n\n<p>Rett mot profilering gir rett til \u00e5 nekte Islandman \u00e5 kartlegge din bruk og v\u00e6rem\u00e5te, og s\u00e5ledes skreddersy v\u00e5re tjenester mot deg basert p\u00e5 denne kartleggingen. Typiske eksempler vil v\u00e6re personalisert annonsering, tjenesteutvikling, markedsunders\u00f8kelser osv. Dette er likevel lite aktuelt ovenfor Islandman n\u00e5r Islandman i liten grad har interesse eller bruk for slik bredde og dybde kartlegging.<\/p>\n\n\n\n<p>For \u00e5 iverksette en eller flere av disse rettighetene, ta kontakt med oss. Du har en lovgitt rett p\u00e5 \u00e5 f\u00e5 svar fra oss innen minst 1 m\u00e5ned.<\/p>\n\n\n\n<h2 class=\"personvern wp-block-heading\"><strong>Barns personvern<\/strong><\/h2>\n\n\n\n<p>Islandman har verken \u00f8nske eller behov for \u00e5 samle inn eller behandle personopplysninger om barn under 16\u00e5r. Slike personopplysninger m\u00e5 komme gjennom en foresatt.<\/p>\n\n\n\n<p>Personinformasjon etterlatt av barn til Islandman vil slettes s\u00e5 raskt det kommer Islandman til kunnskap.<\/p>\n\n\n\n<h2 class=\"personvern wp-block-heading\"><strong>Personvernombud<\/strong><\/h2>\n\n\n\n<p>Islandman har ikke noe personvernombud siden bedriften ikke er en offentlig virksomhet, ikke behandler sensitive opplysninger, ikke beg\u00e5r systematisk kartlegging av personer og ikke behandler personopplysninger om straffbare forhold.<\/p>\n\n\n\n<h2 class=\"personvern wp-block-heading\"><strong>Gjennomf\u00f8ring av endringer<\/strong><\/h2>\n\n\n\n<p>Islandman vil fra tid til annen oppdatere sin personvernerkl\u00e6ring for \u00e5 sikre at den holder den rettslige standarden norsk rett krever. Slike oppdateringer vil dere bli informert om.<\/p>\n\n\n\n<h2 class=\"personvern wp-block-heading\"><strong>Kontaktinformasjon<\/strong><\/h2>\n\n\n\n<p>Har du ytterligere sp\u00f8rsm\u00e5l om Islandmans personvernerkl\u00e6ring eller andre foresp\u00f8rsler kan du kontakte bedriften.<\/p>\n\n\n\n<p>Mail: espen.bergheim@gmail.com<\/p>\n\t\t\t\t\t\t\t\t<\/div>\n\t\t\t\t<\/div>\n\t\t\t\t\t<\/div>\n\t\t<\/div>\n\t\t\t\t\t<\/div>\n\t\t<\/section>\n\t\t\t\t<\/div>","protected":false},"excerpt":{"rendered":"<p>Personvern Personvernerkl\u00e6ring for Islandman og www.islandman.no Denne personvernerkl\u00e6ringen beskriver hva slags personopplysninger Islandman samler inn og hvordan disse personopplysningene behandles. Islandman forholder seg til den norske personopplysningsloven. Denne personvernerkl\u00e6ringen er laget etter kravene i personopplysningsloven \u00a7\u00a7 18 og 19. Hva er personopplysninger Personopplysninger er informasjon om den enkelte person. Dette kan v\u00e6re personens navn, adresse, [&hellip;]<\/p>","protected":false},"author":1,"featured_media":0,"parent":0,"menu_order":0,"comment_status":"closed","ping_status":"closed","template":"elementor_header_footer","meta":{"footnotes":""},"class_list":["post-979","page","type-page","status-publish","hentry","entry"],"yoast_head":"<!-- This site is optimized with the Yoast SEO plugin v26.0 - https:\/\/yoast.com\/wordpress\/plugins\/seo\/ -->\n<title>Personvern - Islandman<\/title>\n<meta name=\"robots\" content=\"index, follow, max-snippet:-1, max-image-preview:large, max-video-preview:-1\" \/>\n<link rel=\"canonical\" href=\"https:\/\/islandman.no\/en\/personvern\/\" \/>\n<meta property=\"og:locale\" content=\"en_US\" \/>\n<meta property=\"og:type\" content=\"article\" \/>\n<meta property=\"og:title\" content=\"Personvern - Islandman\" \/>\n<meta property=\"og:description\" content=\"Personvern Personvernerkl\u00e6ring for Islandman og www.islandman.no Denne personvernerkl\u00e6ringen beskriver hva slags personopplysninger Islandman samler inn og hvordan disse personopplysningene behandles. Islandman forholder seg til den norske personopplysningsloven. Denne personvernerkl\u00e6ringen er laget etter kravene i personopplysningsloven \u00a7\u00a7 18 og 19. Hva er personopplysninger Personopplysninger er informasjon om den enkelte person. Dette kan v\u00e6re personens navn, adresse, [&hellip;]\" \/>\n<meta property=\"og:url\" content=\"https:\/\/islandman.no\/en\/personvern\/\" \/>\n<meta property=\"og:site_name\" content=\"Islandman\" \/>\n<meta property=\"article:modified_time\" content=\"2023-01-17T08:19:04+00:00\" \/>\n<meta name=\"twitter:card\" content=\"summary_large_image\" \/>\n<meta name=\"twitter:label1\" content=\"Est. reading time\" \/>\n\t<meta name=\"twitter:data1\" content=\"5 minutes\" \/>\n<script type=\"application\/ld+json\" class=\"yoast-schema-graph\">{\"@context\":\"https:\/\/schema.org\",\"@graph\":[{\"@type\":\"WebPage\",\"@id\":\"https:\/\/islandman.no\/personvern\/\",\"url\":\"https:\/\/islandman.no\/personvern\/\",\"name\":\"Personvern - Islandman\",\"isPartOf\":{\"@id\":\"https:\/\/islandman.no\/#website\"},\"datePublished\":\"2023-01-17T08:13:28+00:00\",\"dateModified\":\"2023-01-17T08:19:04+00:00\",\"breadcrumb\":{\"@id\":\"https:\/\/islandman.no\/personvern\/#breadcrumb\"},\"inLanguage\":\"en-US\",\"potentialAction\":[{\"@type\":\"ReadAction\",\"target\":[\"https:\/\/islandman.no\/personvern\/\"]}]},{\"@type\":\"BreadcrumbList\",\"@id\":\"https:\/\/islandman.no\/personvern\/#breadcrumb\",\"itemListElement\":[{\"@type\":\"ListItem\",\"position\":1,\"name\":\"Hjem\",\"item\":\"https:\/\/islandman.no\/\"},{\"@type\":\"ListItem\",\"position\":2,\"name\":\"Personvern\"}]},{\"@type\":\"WebSite\",\"@id\":\"https:\/\/islandman.no\/#website\",\"url\":\"https:\/\/islandman.no\/\",\"name\":\"Islandman\",\"description\":\"Profesjonell yoga- og reiki instrukt\u00f8r\",\"potentialAction\":[{\"@type\":\"SearchAction\",\"target\":{\"@type\":\"EntryPoint\",\"urlTemplate\":\"https:\/\/islandman.no\/?s={search_term_string}\"},\"query-input\":{\"@type\":\"PropertyValueSpecification\",\"valueRequired\":true,\"valueName\":\"search_term_string\"}}],\"inLanguage\":\"en-US\"}]}<\/script>\n<!-- \/ Yoast SEO plugin. -->","yoast_head_json":{"title":"Personvern - Islandman","robots":{"index":"index","follow":"follow","max-snippet":"max-snippet:-1","max-image-preview":"max-image-preview:large","max-video-preview":"max-video-preview:-1"},"canonical":"https:\/\/islandman.no\/en\/personvern\/","og_locale":"en_US","og_type":"article","og_title":"Personvern - Islandman","og_description":"Personvern Personvernerkl\u00e6ring for Islandman og www.islandman.no Denne personvernerkl\u00e6ringen beskriver hva slags personopplysninger Islandman samler inn og hvordan disse personopplysningene behandles. Islandman forholder seg til den norske personopplysningsloven. Denne personvernerkl\u00e6ringen er laget etter kravene i personopplysningsloven \u00a7\u00a7 18 og 19. Hva er personopplysninger Personopplysninger er informasjon om den enkelte person. Dette kan v\u00e6re personens navn, adresse, [&hellip;]","og_url":"https:\/\/islandman.no\/en\/personvern\/","og_site_name":"Islandman","article_modified_time":"2023-01-17T08:19:04+00:00","twitter_card":"summary_large_image","twitter_misc":{"Est. reading time":"5 minutes"},"schema":{"@context":"https:\/\/schema.org","@graph":[{"@type":"WebPage","@id":"https:\/\/islandman.no\/personvern\/","url":"https:\/\/islandman.no\/personvern\/","name":"Personvern - Islandman","isPartOf":{"@id":"https:\/\/islandman.no\/#website"},"datePublished":"2023-01-17T08:13:28+00:00","dateModified":"2023-01-17T08:19:04+00:00","breadcrumb":{"@id":"https:\/\/islandman.no\/personvern\/#breadcrumb"},"inLanguage":"en-US","potentialAction":[{"@type":"ReadAction","target":["https:\/\/islandman.no\/personvern\/"]}]},{"@type":"BreadcrumbList","@id":"https:\/\/islandman.no\/personvern\/#breadcrumb","itemListElement":[{"@type":"ListItem","position":1,"name":"Hjem","item":"https:\/\/islandman.no\/"},{"@type":"ListItem","position":2,"name":"Personvern"}]},{"@type":"WebSite","@id":"https:\/\/islandman.no\/#website","url":"https:\/\/islandman.no\/","name":"Islandman","description":"Profesjonell yoga- og reiki instrukt\u00f8r","potentialAction":[{"@type":"SearchAction","target":{"@type":"EntryPoint","urlTemplate":"https:\/\/islandman.no\/?s={search_term_string}"},"query-input":{"@type":"PropertyValueSpecification","valueRequired":true,"valueName":"search_term_string"}}],"inLanguage":"en-US"}]}},"_links":{"self":[{"href":"https:\/\/islandman.no\/en\/wp-json\/wp\/v2\/pages\/979","targetHints":{"allow":["GET"]}}],"collection":[{"href":"https:\/\/islandman.no\/en\/wp-json\/wp\/v2\/pages"}],"about":[{"href":"https:\/\/islandman.no\/en\/wp-json\/wp\/v2\/types\/page"}],"author":[{"embeddable":true,"href":"https:\/\/islandman.no\/en\/wp-json\/wp\/v2\/users\/1"}],"replies":[{"embeddable":true,"href":"https:\/\/islandman.no\/en\/wp-json\/wp\/v2\/comments?post=979"}],"version-history":[{"count":0,"href":"https:\/\/islandman.no\/en\/wp-json\/wp\/v2\/pages\/979\/revisions"}],"wp:attachment":[{"href":"https:\/\/islandman.no\/en\/wp-json\/wp\/v2\/media?parent=979"}],"curies":[{"name":"wp","href":"https:\/\/api.w.org\/{rel}","templated":true}]}}